{"id":1182,"date":"2023-06-05T11:00:58","date_gmt":"2023-06-05T09:00:58","guid":{"rendered":"https:\/\/cbj-construction.myskydoowebsite.com\/?page_id=1182"},"modified":"2023-06-05T11:17:44","modified_gmt":"2023-06-05T09:17:44","slug":"renovation","status":"publish","type":"page","link":"https:\/\/cbj-construction.myskydoowebsite.com\/?page_id=1182","title":{"rendered":"R\u00e9novation"},"content":{"rendered":"\t\t<div data-elementor-type=\"wp-page\" data-elementor-id=\"1182\" class=\"elementor elementor-1182\">\n\t\t\t\t\t\t<section class=\"elementor-section elementor-top-section elementor-element elementor-element-55acdda elementor-section-full_width elementor-section-height-min-height elementor-section-height-default elementor-section-items-middle\" data-id=\"55acdda\" data-element_type=\"section\" data-e-type=\"section\" data-settings=\"{&quot;background_background&quot;:&quot;classic&quot;}\">\n\t\t\t\t\t\t<div class=\"elementor-container elementor-column-gap-default\">\n\t\t\t\t\t<div class=\"elementor-column elementor-col-100 elementor-top-column elementor-element elementor-element-49d6494\" data-id=\"49d6494\" data-element_type=\"column\" data-e-type=\"column\">\n\t\t\t<div class=\"elementor-widget-wrap elementor-element-populated\">\n\t\t\t\t\t\t<div class=\"elementor-element elementor-element-1baabe0 elementor-widget elementor-widget-heading\" data-id=\"1baabe0\" data-element_type=\"widget\" data-e-type=\"widget\" data-widget_type=\"heading.default\">\n\t\t\t\t<div class=\"elementor-widget-container\">\n\t\t\t\t\t<h1 class=\"elementor-heading-title elementor-size-default\">R\u00e9novation<\/h1>\t\t\t\t<\/div>\n\t\t\t\t<\/div>\n\t\t\t\t\t<\/div>\n\t\t<\/div>\n\t\t\t\t\t<\/div>\n\t\t<\/section>\n\t\t\t\t<section class=\"elementor-section elementor-top-section elementor-element elementor-element-4323c1c elementor-section-height-min-height elementor-section-boxed elementor-section-height-default elementor-section-items-middle\" data-id=\"4323c1c\" data-element_type=\"section\" data-e-type=\"section\">\n\t\t\t\t\t\t<div class=\"elementor-container elementor-column-gap-default\">\n\t\t\t\t\t<div class=\"elementor-column elementor-col-50 elementor-top-column elementor-element elementor-element-a3b472b\" data-id=\"a3b472b\" data-element_type=\"column\" data-e-type=\"column\">\n\t\t\t<div class=\"elementor-widget-wrap elementor-element-populated\">\n\t\t\t\t\t\t<div class=\"elementor-element elementor-element-43f3294 elementor-skin-carousel elementor-widget elementor-widget-media-carousel\" data-id=\"43f3294\" data-element_type=\"widget\" data-e-type=\"widget\" data-settings=\"{&quot;effect&quot;:&quot;cube&quot;,&quot;space_between&quot;:{&quot;unit&quot;:&quot;px&quot;,&quot;size&quot;:&quot;&quot;,&quot;sizes&quot;:[]},&quot;skin&quot;:&quot;carousel&quot;,&quot;speed&quot;:500,&quot;autoplay&quot;:&quot;yes&quot;,&quot;autoplay_speed&quot;:5000,&quot;loop&quot;:&quot;yes&quot;,&quot;pause_on_hover&quot;:&quot;yes&quot;,&quot;pause_on_interaction&quot;:&quot;yes&quot;,&quot;space_between_tablet&quot;:{&quot;unit&quot;:&quot;px&quot;,&quot;size&quot;:10,&quot;sizes&quot;:[]},&quot;space_between_mobile&quot;:{&quot;unit&quot;:&quot;px&quot;,&quot;size&quot;:10,&quot;sizes&quot;:[]}}\" data-widget_type=\"media-carousel.default\">\n\t\t\t\t<div class=\"elementor-widget-container\">\n\t\t\t\t\t\t\t<div class=\"elementor-swiper\">\n\t\t\t<div class=\"elementor-main-swiper swiper-container\">\n\t\t\t\t<div class=\"swiper-wrapper\">\n\t\t\t\t\t\t\t\t\t\t\t<div class=\"swiper-slide\">\n\t\t\t\t\t\t\t\t\t<div class=\"elementor-carousel-image\" role=\"img\" aria-label=\"CBJ Construction\" style=\"background-image: url(&#039;https:\/\/cbj-construction.myskydoowebsite.com\/wp-content\/uploads\/2019\/01\/IMG-20180622-WA0050.jpg&#039;)\">\n\n\t\t\t\n\t\t\t\t\t<\/div>\n\t\t\t\t\t\t\t\t<\/div>\n\t\t\t\t\t\t\t\t\t\t\t<div class=\"swiper-slide\">\n\t\t\t\t\t\t\t\t\t<div class=\"elementor-carousel-image\" role=\"img\" aria-label=\"CBJ Construction\" style=\"background-image: url(&#039;https:\/\/cbj-construction.myskydoowebsite.com\/wp-content\/uploads\/2019\/01\/IMG-20180516-WA0041.jpg&#039;)\">\n\n\t\t\t\n\t\t\t\t\t<\/div>\n\t\t\t\t\t\t\t\t<\/div>\n\t\t\t\t\t\t\t\t\t\t\t<div class=\"swiper-slide\">\n\t\t\t\t\t\t\t\t\t<div class=\"elementor-carousel-image\" role=\"img\" aria-label=\"CBJ Construction\" style=\"background-image: url(&#039;https:\/\/cbj-construction.myskydoowebsite.com\/wp-content\/uploads\/2019\/01\/IMG-20180622-WA0005.jpg&#039;)\">\n\n\t\t\t\n\t\t\t\t\t<\/div>\n\t\t\t\t\t\t\t\t<\/div>\n\t\t\t\t\t\t\t\t\t\t\t<div class=\"swiper-slide\">\n\t\t\t\t\t\t\t\t\t<div class=\"elementor-carousel-image\" role=\"img\" aria-label=\"CBJ Construction\" style=\"background-image: url(&#039;https:\/\/cbj-construction.myskydoowebsite.com\/wp-content\/uploads\/2019\/01\/IMG-20181125-WA0007.jpg&#039;)\">\n\n\t\t\t\n\t\t\t\t\t<\/div>\n\t\t\t\t\t\t\t\t<\/div>\n\t\t\t\t\t\t\t\t\t\t\t<div class=\"swiper-slide\">\n\t\t\t\t\t\t\t\t\t<div class=\"elementor-carousel-image\" role=\"img\" aria-label=\"CBJ Construction\" style=\"background-image: url(&#039;https:\/\/cbj-construction.myskydoowebsite.com\/wp-content\/uploads\/2019\/01\/IMG-20180509-WA0029.jpg&#039;)\">\n\n\t\t\t\n\t\t\t\t\t<\/div>\n\t\t\t\t\t\t\t\t<\/div>\n\t\t\t\t\t\t\t\t\t\t\t<div class=\"swiper-slide\">\n\t\t\t\t\t\t\t\t\t<div class=\"elementor-carousel-image\" role=\"img\" aria-label=\"CBJ Construction\" style=\"background-image: url(&#039;https:\/\/cbj-construction.myskydoowebsite.com\/wp-content\/uploads\/2019\/01\/IMG-20180504-WA0008.jpg&#039;)\">\n\n\t\t\t\n\t\t\t\t\t<\/div>\n\t\t\t\t\t\t\t\t<\/div>\n\t\t\t\t\t\t\t\t\t\t\t<div class=\"swiper-slide\">\n\t\t\t\t\t\t\t\t\t<div class=\"elementor-carousel-image\" role=\"img\" aria-label=\"CBJ Construction\" style=\"background-image: url(&#039;https:\/\/cbj-construction.myskydoowebsite.com\/wp-content\/uploads\/2019\/01\/IMG-20180518-WA0024.jpg&#039;)\">\n\n\t\t\t\n\t\t\t\t\t<\/div>\n\t\t\t\t\t\t\t\t<\/div>\n\t\t\t\t\t\t\t\t\t<\/div>\n\t\t\t\t\t\t\t\t\t\t\t\t\t\t\t\t\t\t\t\t\t<\/div>\n\t\t<\/div>\n\t\t\t\t\t\t<\/div>\n\t\t\t\t<\/div>\n\t\t\t\t\t<\/div>\n\t\t<\/div>\n\t\t\t\t<div class=\"elementor-column elementor-col-50 elementor-top-column elementor-element elementor-element-bf958eb\" data-id=\"bf958eb\" data-element_type=\"column\" data-e-type=\"column\">\n\t\t\t<div class=\"elementor-widget-wrap elementor-element-populated\">\n\t\t\t\t\t\t<div class=\"elementor-element elementor-element-cb15de6 elementor-widget-mobile__width-initial elementor-widget elementor-widget-heading\" data-id=\"cb15de6\" data-element_type=\"widget\" data-e-type=\"widget\" data-widget_type=\"heading.default\">\n\t\t\t\t<div class=\"elementor-widget-container\">\n\t\t\t\t\t<h2 class=\"elementor-heading-title elementor-size-default\">R\u00e9novation  professionnel<\/h2>\t\t\t\t<\/div>\n\t\t\t\t<\/div>\n\t\t\t\t<div class=\"elementor-element elementor-element-c87c1b7 elementor-widget elementor-widget-text-editor\" data-id=\"c87c1b7\" data-element_type=\"widget\" data-e-type=\"widget\" data-widget_type=\"text-editor.default\">\n\t\t\t\t<div class=\"elementor-widget-container\">\n\t\t\t\t\t\t\t\t\t<p>Chez notre entreprise de construction, nous sommes fiers de proposer une gamme compl\u00e8te de services de r\u00e9novation pour transformer vos espaces et leur donner une nouvelle vie. Que ce soit pour des r\u00e9parations suite \u00e0 des d\u00e9g\u00e2ts des eaux, des travaux de peinture, des projets d&rsquo;isolation, des installations de carrelage, des r\u00e9parations de plomberie ou des travaux de construction sp\u00e9cialis\u00e9s, notre \u00e9quipe comp\u00e9tente est pr\u00eate \u00e0 r\u00e9pondre \u00e0 tous vos besoins.<\/p><p>Le carrelage est bien plus qu&rsquo;un rev\u00eatement de sol, c&rsquo;est un \u00e9l\u00e9ment de design qui peut transformer compl\u00e8tement l&rsquo;apparence et l&rsquo;ambiance de vos espaces int\u00e9rieurs. Notre \u00e9quipe de carreleurs qualifi\u00e9s comprend l&rsquo;importance d&rsquo;un carrelage impeccable, \u00e0 la fois esth\u00e9tique et fonctionnel. Nous nous engageons \u00e0 fournir des r\u00e9sultats de haute qualit\u00e9 qui r\u00e9pondent \u00e0 vos go\u00fbts et \u00e0 vos exigences.<\/p>\t\t\t\t\t\t\t\t<\/div>\n\t\t\t\t<\/div>\n\t\t\t\t\t<\/div>\n\t\t<\/div>\n\t\t\t\t\t<\/div>\n\t\t<\/section>\n\t\t\t\t<section class=\"elementor-section elementor-top-section elementor-element elementor-element-7cd1fcb elementor-section-full_width elementor-section-height-default elementor-section-height-default\" data-id=\"7cd1fcb\" data-element_type=\"section\" data-e-type=\"section\">\n\t\t\t\t\t\t<div class=\"elementor-container elementor-column-gap-default\">\n\t\t\t\t\t<div class=\"elementor-column elementor-col-100 elementor-top-column elementor-element elementor-element-0c61333\" data-id=\"0c61333\" data-element_type=\"column\" data-e-type=\"column\">\n\t\t\t<div class=\"elementor-widget-wrap elementor-element-populated\">\n\t\t\t\t\t\t<div class=\"elementor-element elementor-element-dc4c575 elementor-widget elementor-widget-image-carousel\" data-id=\"dc4c575\" data-element_type=\"widget\" data-e-type=\"widget\" data-settings=\"{&quot;navigation&quot;:&quot;none&quot;,&quot;autoplay&quot;:&quot;yes&quot;,&quot;pause_on_hover&quot;:&quot;yes&quot;,&quot;pause_on_interaction&quot;:&quot;yes&quot;,&quot;autoplay_speed&quot;:5000,&quot;infinite&quot;:&quot;yes&quot;,&quot;speed&quot;:500}\" data-widget_type=\"image-carousel.default\">\n\t\t\t\t<div class=\"elementor-widget-container\">\n\t\t\t\t\t\t\t<div class=\"elementor-image-carousel-wrapper swiper\" role=\"region\" aria-roledescription=\"carousel\" aria-label=\"Carrousel d\u2019images\" dir=\"ltr\">\n\t\t\t<div class=\"elementor-image-carousel swiper-wrapper\" aria-live=\"off\">\n\t\t\t\t\t\t\t\t<div class=\"swiper-slide\" role=\"group\" aria-roledescription=\"slide\" aria-label=\"1 sur 3\"><figure class=\"swiper-slide-inner\"><img decoding=\"async\" class=\"swiper-slide-image\" src=\"https:\/\/cbj-construction.myskydoowebsite.com\/wp-content\/uploads\/2-10.png\" alt=\"2\" \/><\/figure><\/div><div class=\"swiper-slide\" role=\"group\" aria-roledescription=\"slide\" aria-label=\"2 sur 3\"><figure class=\"swiper-slide-inner\"><img decoding=\"async\" class=\"swiper-slide-image\" src=\"https:\/\/cbj-construction.myskydoowebsite.com\/wp-content\/uploads\/3-6.png\" alt=\"3\" \/><\/figure><\/div><div class=\"swiper-slide\" role=\"group\" aria-roledescription=\"slide\" aria-label=\"3 sur 3\"><figure class=\"swiper-slide-inner\"><img decoding=\"async\" class=\"swiper-slide-image\" src=\"https:\/\/cbj-construction.myskydoowebsite.com\/wp-content\/uploads\/4-5.png\" alt=\"4\" \/><\/figure><\/div>\t\t\t<\/div>\n\t\t\t\t\t\t\t\n\t\t\t\t\t\t\t\t\t<\/div>\n\t\t\t\t\t\t<\/div>\n\t\t\t\t<\/div>\n\t\t\t\t\t<\/div>\n\t\t<\/div>\n\t\t\t\t\t<\/div>\n\t\t<\/section>\n\t\t\t\t<section class=\"elementor-section elementor-top-section elementor-element elementor-element-559e08f elementor-section-boxed elementor-section-height-default elementor-section-height-default\" data-id=\"559e08f\" data-element_type=\"section\" data-e-type=\"section\">\n\t\t\t\t\t\t<div class=\"elementor-container elementor-column-gap-default\">\n\t\t\t\t\t<div class=\"elementor-column elementor-col-100 elementor-top-column elementor-element elementor-element-52dc49e\" data-id=\"52dc49e\" data-element_type=\"column\" data-e-type=\"column\">\n\t\t\t<div class=\"elementor-widget-wrap elementor-element-populated\">\n\t\t\t\t\t\t<div class=\"elementor-element elementor-element-e1ecfbc elementor-widget elementor-widget-heading\" data-id=\"e1ecfbc\" data-element_type=\"widget\" data-e-type=\"widget\" data-widget_type=\"heading.default\">\n\t\t\t\t<div class=\"elementor-widget-container\">\n\t\t\t\t\t<h2 class=\"elementor-heading-title elementor-size-default\">Les avantages de notre service de r\u00e9novation<\/h2>\t\t\t\t<\/div>\n\t\t\t\t<\/div>\n\t\t\t\t<div class=\"elementor-element elementor-element-c5965ae elementor-widget elementor-widget-text-editor\" data-id=\"c5965ae\" data-element_type=\"widget\" data-e-type=\"widget\" data-widget_type=\"text-editor.default\">\n\t\t\t\t<div class=\"elementor-widget-container\">\n\t\t\t\t\t\t\t\t\t<ol><li><p><strong>R\u00e9paration suite \u00e0 des d\u00e9g\u00e2ts des eaux<\/strong> : Nous r\u00e9parons les dommages caus\u00e9s par les d\u00e9g\u00e2ts des eaux pour restaurer vos espaces.<\/p><\/li><li><p><strong>Peinture et r\u00e9paration de plafond et mur<\/strong> : Nous effectuons la peinture et la r\u00e9paration des plafonds et murs pour rafra\u00eechir l&rsquo;apparence de vos espaces.<\/p><\/li><li><p><strong>Rabotage de portes<\/strong> : Nous r\u00e9alisons le rabotage pr\u00e9cis des portes pour les ajuster correctement.<\/p><\/li><li><p><strong>Isolation et imperm\u00e9abilisation de mur et plafond<\/strong> : Nous assurons l&rsquo;isolation et l&rsquo;imperm\u00e9abilisation des murs et plafonds pour une meilleure efficacit\u00e9 \u00e9nerg\u00e9tique et la pr\u00e9vention des probl\u00e8mes d&rsquo;humidit\u00e9.<\/p><\/li><li><p><strong>Placement de carrelage<\/strong> : Notre \u00e9quipe pose le carrelage avec pr\u00e9cision et expertise pour donner une nouvelle vie \u00e0 vos sols.<\/p><\/li><li><p><strong>Installation et r\u00e9paration de tuyauterie<\/strong> : Nous assurons l&rsquo;installation et la r\u00e9paration de la tuyauterie, y compris les fuites.<\/p><\/li><li><p><strong>Installation de sanitaires<\/strong> : Nous installons de nouveaux \u00e9quipements sanitaires dans vos salles de bains et cuisines.<\/p><\/li><li><p><strong>Pose de parquet flottant et plinthe<\/strong> : Nous r\u00e9alisons la pose professionnelle de parquet flottant et plinthes pour une allure \u00e9l\u00e9gante de vos sols.<\/p><\/li><li><p><strong>Constructions sp\u00e9cialis\u00e9es<\/strong> : Nous effectuons des constructions sp\u00e9cialis\u00e9es sur demande pour r\u00e9pondre \u00e0 vos besoins sp\u00e9cifiques.<\/p><\/li><li><p><strong>Montage et d\u00e9montage d&rsquo;\u00e9chafaudages et de plate-forme de travail<\/strong> : Nous assurons le montage et le d\u00e9montage d&rsquo;\u00e9chafaudages et de plate-forme de travail en respectant les normes de s\u00e9curit\u00e9.<\/p><\/li><li><p><strong>Nettoyage industriel<\/strong> : Nous proposons des services de nettoyage industriel pour diff\u00e9rents types de b\u00e2timents.<\/p><\/li><\/ol>\t\t\t\t\t\t\t\t<\/div>\n\t\t\t\t<\/div>\n\t\t\t\t<div class=\"elementor-element elementor-element-9dcabb7 elementor-widget elementor-widget-text-editor\" data-id=\"9dcabb7\" data-element_type=\"widget\" data-e-type=\"widget\" data-widget_type=\"text-editor.default\">\n\t\t\t\t<div class=\"elementor-widget-container\">\n\t\t\t\t\t\t\t\t\t<p><em>Contactez-nous d\u00e8s aujourd&rsquo;hui pour discuter de vos besoins en mati\u00e8re de r\u00e9novation et obtenir un devis personnalis\u00e9. Nous sommes impatients de travailler avec vous pour r\u00e9aliser vos projets.<\/em><\/p>\t\t\t\t\t\t\t\t<\/div>\n\t\t\t\t<\/div>\n\t\t\t\t\t<\/div>\n\t\t<\/div>\n\t\t\t\t\t<\/div>\n\t\t<\/section>\n\t\t\t\t<\/div>\n\t\t","protected":false},"excerpt":{"rendered":"<p>R\u00e9novation R\u00e9novation professionnel Chez notre entreprise de construction, nous sommes fiers de proposer une gamme compl\u00e8te de services de r\u00e9novation pour transformer vos espaces et leur donner une nouvelle vie. Que ce soit pour des r\u00e9parations suite \u00e0 des d\u00e9g\u00e2ts des eaux, des travaux de peinture, des projets d&rsquo;isolation, des installations de carrelage, des r\u00e9parations [&hellip;]<\/p>\n","protected":false},"author":1,"featured_media":0,"parent":0,"menu_order":0,"comment_status":"closed","ping_status":"closed","template":"elementor_header_footer","meta":{"footnotes":""},"class_list":["post-1182","page","type-page","status-publish","hentry"],"_links":{"self":[{"href":"https:\/\/cbj-construction.myskydoowebsite.com\/index.php?rest_route=\/wp\/v2\/pages\/1182","targetHints":{"allow":["GET"]}}],"collection":[{"href":"https:\/\/cbj-construction.myskydoowebsite.com\/index.php?rest_route=\/wp\/v2\/pages"}],"about":[{"href":"https:\/\/cbj-construction.myskydoowebsite.com\/index.php?rest_route=\/wp\/v2\/types\/page"}],"author":[{"embeddable":true,"href":"https:\/\/cbj-construction.myskydoowebsite.com\/index.php?rest_route=\/wp\/v2\/users\/1"}],"replies":[{"embeddable":true,"href":"https:\/\/cbj-construction.myskydoowebsite.com\/index.php?rest_route=%2Fwp%2Fv2%2Fcomments&post=1182"}],"version-history":[{"count":16,"href":"https:\/\/cbj-construction.myskydoowebsite.com\/index.php?rest_route=\/wp\/v2\/pages\/1182\/revisions"}],"predecessor-version":[{"id":1203,"href":"https:\/\/cbj-construction.myskydoowebsite.com\/index.php?rest_route=\/wp\/v2\/pages\/1182\/revisions\/1203"}],"wp:attachment":[{"href":"https:\/\/cbj-construction.myskydoowebsite.com\/index.php?rest_route=%2Fwp%2Fv2%2Fmedia&parent=1182"}],"curies":[{"name":"wp","href":"https:\/\/api.w.org\/{rel}","templated":true}]}}