{"id":1164,"date":"2023-06-05T10:47:23","date_gmt":"2023-06-05T08:47:23","guid":{"rendered":"https:\/\/cbj-construction.myskydoowebsite.com\/?page_id=1164"},"modified":"2023-06-05T11:35:21","modified_gmt":"2023-06-05T09:35:21","slug":"carrelage-2","status":"publish","type":"page","link":"https:\/\/cbj-construction.myskydoowebsite.com\/?page_id=1164","title":{"rendered":"Carrelage"},"content":{"rendered":"\t\t<div data-elementor-type=\"wp-page\" data-elementor-id=\"1164\" class=\"elementor elementor-1164\">\n\t\t\t\t\t\t<section class=\"elementor-section elementor-top-section elementor-element elementor-element-40bd611 elementor-section-full_width elementor-section-height-min-height elementor-section-height-default elementor-section-items-middle\" data-id=\"40bd611\" data-element_type=\"section\" data-e-type=\"section\" data-settings=\"{&quot;background_background&quot;:&quot;classic&quot;}\">\n\t\t\t\t\t\t<div class=\"elementor-container elementor-column-gap-default\">\n\t\t\t\t\t<div class=\"elementor-column elementor-col-100 elementor-top-column elementor-element elementor-element-c750a37\" data-id=\"c750a37\" data-element_type=\"column\" data-e-type=\"column\">\n\t\t\t<div class=\"elementor-widget-wrap elementor-element-populated\">\n\t\t\t\t\t\t<div class=\"elementor-element elementor-element-daefe2b elementor-widget elementor-widget-heading\" data-id=\"daefe2b\" data-element_type=\"widget\" data-e-type=\"widget\" data-widget_type=\"heading.default\">\n\t\t\t\t<div class=\"elementor-widget-container\">\n\t\t\t\t\t<h1 class=\"elementor-heading-title elementor-size-default\">Carrelage<\/h1>\t\t\t\t<\/div>\n\t\t\t\t<\/div>\n\t\t\t\t\t<\/div>\n\t\t<\/div>\n\t\t\t\t\t<\/div>\n\t\t<\/section>\n\t\t\t\t<section class=\"elementor-section elementor-top-section elementor-element elementor-element-d42b0f1 elementor-section-height-min-height elementor-section-boxed elementor-section-height-default elementor-section-items-middle\" data-id=\"d42b0f1\" data-element_type=\"section\" data-e-type=\"section\">\n\t\t\t\t\t\t<div class=\"elementor-container elementor-column-gap-default\">\n\t\t\t\t\t<div class=\"elementor-column elementor-col-50 elementor-top-column elementor-element elementor-element-bacf87d\" data-id=\"bacf87d\" data-element_type=\"column\" data-e-type=\"column\">\n\t\t\t<div class=\"elementor-widget-wrap elementor-element-populated\">\n\t\t\t\t\t\t<div class=\"elementor-element elementor-element-4389ca5 elementor-skin-carousel elementor-widget elementor-widget-media-carousel\" data-id=\"4389ca5\" data-element_type=\"widget\" data-e-type=\"widget\" data-settings=\"{&quot;effect&quot;:&quot;cube&quot;,&quot;space_between&quot;:{&quot;unit&quot;:&quot;px&quot;,&quot;size&quot;:&quot;&quot;,&quot;sizes&quot;:[]},&quot;skin&quot;:&quot;carousel&quot;,&quot;speed&quot;:500,&quot;autoplay&quot;:&quot;yes&quot;,&quot;autoplay_speed&quot;:5000,&quot;loop&quot;:&quot;yes&quot;,&quot;pause_on_hover&quot;:&quot;yes&quot;,&quot;pause_on_interaction&quot;:&quot;yes&quot;,&quot;space_between_tablet&quot;:{&quot;unit&quot;:&quot;px&quot;,&quot;size&quot;:10,&quot;sizes&quot;:[]},&quot;space_between_mobile&quot;:{&quot;unit&quot;:&quot;px&quot;,&quot;size&quot;:10,&quot;sizes&quot;:[]}}\" data-widget_type=\"media-carousel.default\">\n\t\t\t\t<div class=\"elementor-widget-container\">\n\t\t\t\t\t\t\t<div class=\"elementor-swiper\">\n\t\t\t<div class=\"elementor-main-swiper swiper-container\">\n\t\t\t\t<div class=\"swiper-wrapper\">\n\t\t\t\t\t\t\t\t\t\t\t<div class=\"swiper-slide\">\n\t\t\t\t\t\t\t\t\t<div class=\"elementor-carousel-image\" role=\"img\" aria-label=\"Carrelage | CBJ Construction\" style=\"background-image: url(&#039;https:\/\/cbj-construction.myskydoowebsite.com\/wp-content\/uploads\/2019\/01\/IMG-20171212-WA0010.jpg&#039;)\">\n\n\t\t\t\n\t\t\t\t\t<\/div>\n\t\t\t\t\t\t\t\t<\/div>\n\t\t\t\t\t\t\t\t\t\t\t<div class=\"swiper-slide\">\n\t\t\t\t\t\t\t\t\t<div class=\"elementor-carousel-image\" role=\"img\" aria-label=\"Carrelage | CBJ Construction\" style=\"background-image: url(&#039;https:\/\/cbj-construction.myskydoowebsite.com\/wp-content\/uploads\/2019\/01\/IMG-20171212-WA0009.jpg&#039;)\">\n\n\t\t\t\n\t\t\t\t\t<\/div>\n\t\t\t\t\t\t\t\t<\/div>\n\t\t\t\t\t\t\t\t\t\t\t<div class=\"swiper-slide\">\n\t\t\t\t\t\t\t\t\t<div class=\"elementor-carousel-image\" role=\"img\" aria-label=\"Carrelage | CBJ Construction\" style=\"background-image: url(&#039;https:\/\/cbj-construction.myskydoowebsite.com\/wp-content\/uploads\/2019\/01\/IMG-20171212-WA0011.jpg&#039;)\">\n\n\t\t\t\n\t\t\t\t\t<\/div>\n\t\t\t\t\t\t\t\t<\/div>\n\t\t\t\t\t\t\t\t\t\t\t<div class=\"swiper-slide\">\n\t\t\t\t\t\t\t\t\t<div class=\"elementor-carousel-image\" role=\"img\" aria-label=\"Carrelage | CBJ Construction\" style=\"background-image: url(&#039;https:\/\/cbj-construction.myskydoowebsite.com\/wp-content\/uploads\/2019\/01\/IMG-20180918-WA0070.jpg&#039;)\">\n\n\t\t\t\n\t\t\t\t\t<\/div>\n\t\t\t\t\t\t\t\t<\/div>\n\t\t\t\t\t\t\t\t\t\t\t<div class=\"swiper-slide\">\n\t\t\t\t\t\t\t\t\t<div class=\"elementor-carousel-image\" role=\"img\" aria-label=\"Carrelage | CBJ Construction\" style=\"background-image: url(&#039;https:\/\/cbj-construction.myskydoowebsite.com\/wp-content\/uploads\/2019\/01\/IMG-20180918-WA0069.jpg&#039;)\">\n\n\t\t\t\n\t\t\t\t\t<\/div>\n\t\t\t\t\t\t\t\t<\/div>\n\t\t\t\t\t\t\t\t\t\t\t<div class=\"swiper-slide\">\n\t\t\t\t\t\t\t\t\t<div class=\"elementor-carousel-image\" role=\"img\" aria-label=\"Carrelage | CBJ Construction\" style=\"background-image: url(&#039;https:\/\/cbj-construction.myskydoowebsite.com\/wp-content\/uploads\/2019\/01\/IMG-20171218-WA0059.jpg&#039;)\">\n\n\t\t\t\n\t\t\t\t\t<\/div>\n\t\t\t\t\t\t\t\t<\/div>\n\t\t\t\t\t\t\t\t\t\t\t<div class=\"swiper-slide\">\n\t\t\t\t\t\t\t\t\t<div class=\"elementor-carousel-image\" role=\"img\" aria-label=\"Carrelage | CBJ Construction\" style=\"background-image: url(&#039;https:\/\/cbj-construction.myskydoowebsite.com\/wp-content\/uploads\/2019\/01\/carrelage2.jpg&#039;)\">\n\n\t\t\t\n\t\t\t\t\t<\/div>\n\t\t\t\t\t\t\t\t<\/div>\n\t\t\t\t\t\t\t\t\t<\/div>\n\t\t\t\t\t\t\t\t\t\t\t\t\t\t\t\t\t\t\t\t\t<\/div>\n\t\t<\/div>\n\t\t\t\t\t\t<\/div>\n\t\t\t\t<\/div>\n\t\t\t\t\t<\/div>\n\t\t<\/div>\n\t\t\t\t<div class=\"elementor-column elementor-col-50 elementor-top-column elementor-element elementor-element-555fbb5\" data-id=\"555fbb5\" data-element_type=\"column\" data-e-type=\"column\">\n\t\t\t<div class=\"elementor-widget-wrap elementor-element-populated\">\n\t\t\t\t\t\t<div class=\"elementor-element elementor-element-db04ed9 elementor-widget-mobile__width-initial elementor-widget elementor-widget-heading\" data-id=\"db04ed9\" data-element_type=\"widget\" data-e-type=\"widget\" data-widget_type=\"heading.default\">\n\t\t\t\t<div class=\"elementor-widget-container\">\n\t\t\t\t\t<h2 class=\"elementor-heading-title elementor-size-default\">Carrelage professionnel<\/h2>\t\t\t\t<\/div>\n\t\t\t\t<\/div>\n\t\t\t\t<div class=\"elementor-element elementor-element-66aee7d elementor-widget elementor-widget-text-editor\" data-id=\"66aee7d\" data-element_type=\"widget\" data-e-type=\"widget\" data-widget_type=\"text-editor.default\">\n\t\t\t\t<div class=\"elementor-widget-container\">\n\t\t\t\t\t\t\t\t\t<p>Chez notre entreprise sp\u00e9cialis\u00e9e dans le domaine du BTP, nous mettons notre expertise en mati\u00e8re de pose de carrelage au service de la transformation de vos espaces. Que ce soit pour votre salle de bains, votre cuisine ou votre salon, nous vous offrons des services de pose de carrelage professionnels qui donnent une nouvelle vie \u00e0 votre sol.<\/p><p>Le carrelage est bien plus qu&rsquo;un rev\u00eatement de sol, c&rsquo;est un \u00e9l\u00e9ment de design qui peut transformer compl\u00e8tement l&rsquo;apparence et l&rsquo;ambiance de vos espaces int\u00e9rieurs. Notre \u00e9quipe de carreleurs qualifi\u00e9s comprend l&rsquo;importance d&rsquo;un carrelage impeccable, \u00e0 la fois esth\u00e9tique et fonctionnel. Nous nous engageons \u00e0 fournir des r\u00e9sultats de haute qualit\u00e9 qui r\u00e9pondent \u00e0 vos go\u00fbts et \u00e0 vos exigences.<\/p><p>\u00a0<\/p>\t\t\t\t\t\t\t\t<\/div>\n\t\t\t\t<\/div>\n\t\t\t\t\t<\/div>\n\t\t<\/div>\n\t\t\t\t\t<\/div>\n\t\t<\/section>\n\t\t\t\t<section class=\"elementor-section elementor-top-section elementor-element elementor-element-5a2d8d2 elementor-section-full_width elementor-section-height-default elementor-section-height-default\" data-id=\"5a2d8d2\" data-element_type=\"section\" data-e-type=\"section\">\n\t\t\t\t\t\t<div class=\"elementor-container elementor-column-gap-default\">\n\t\t\t\t\t<div class=\"elementor-column elementor-col-100 elementor-top-column elementor-element elementor-element-30ce738\" data-id=\"30ce738\" data-element_type=\"column\" data-e-type=\"column\">\n\t\t\t<div class=\"elementor-widget-wrap elementor-element-populated\">\n\t\t\t\t\t\t<div class=\"elementor-element elementor-element-896bbbc elementor-widget elementor-widget-image-carousel\" data-id=\"896bbbc\" data-element_type=\"widget\" data-e-type=\"widget\" data-settings=\"{&quot;navigation&quot;:&quot;none&quot;,&quot;autoplay&quot;:&quot;yes&quot;,&quot;pause_on_hover&quot;:&quot;yes&quot;,&quot;pause_on_interaction&quot;:&quot;yes&quot;,&quot;autoplay_speed&quot;:5000,&quot;infinite&quot;:&quot;yes&quot;,&quot;speed&quot;:500}\" data-widget_type=\"image-carousel.default\">\n\t\t\t\t<div class=\"elementor-widget-container\">\n\t\t\t\t\t\t\t<div class=\"elementor-image-carousel-wrapper swiper\" role=\"region\" aria-roledescription=\"carousel\" aria-label=\"Carrousel d\u2019images\" dir=\"ltr\">\n\t\t\t<div class=\"elementor-image-carousel swiper-wrapper\" aria-live=\"off\">\n\t\t\t\t\t\t\t\t<div class=\"swiper-slide\" role=\"group\" aria-roledescription=\"slide\" aria-label=\"1 sur 3\"><figure class=\"swiper-slide-inner\"><img decoding=\"async\" class=\"swiper-slide-image\" src=\"https:\/\/cbj-construction.myskydoowebsite.com\/wp-content\/uploads\/2-9.png\" alt=\"2\" \/><\/figure><\/div><div class=\"swiper-slide\" role=\"group\" aria-roledescription=\"slide\" aria-label=\"2 sur 3\"><figure class=\"swiper-slide-inner\"><img decoding=\"async\" class=\"swiper-slide-image\" src=\"https:\/\/cbj-construction.myskydoowebsite.com\/wp-content\/uploads\/3-5.png\" alt=\"3\" \/><\/figure><\/div><div class=\"swiper-slide\" role=\"group\" aria-roledescription=\"slide\" aria-label=\"3 sur 3\"><figure class=\"swiper-slide-inner\"><img decoding=\"async\" class=\"swiper-slide-image\" src=\"https:\/\/cbj-construction.myskydoowebsite.com\/wp-content\/uploads\/4-4.png\" alt=\"4\" \/><\/figure><\/div>\t\t\t<\/div>\n\t\t\t\t\t\t\t\n\t\t\t\t\t\t\t\t\t<\/div>\n\t\t\t\t\t\t<\/div>\n\t\t\t\t<\/div>\n\t\t\t\t\t<\/div>\n\t\t<\/div>\n\t\t\t\t\t<\/div>\n\t\t<\/section>\n\t\t\t\t<section class=\"elementor-section elementor-top-section elementor-element elementor-element-aacc2df elementor-section-boxed elementor-section-height-default elementor-section-height-default\" data-id=\"aacc2df\" data-element_type=\"section\" data-e-type=\"section\">\n\t\t\t\t\t\t<div class=\"elementor-container elementor-column-gap-default\">\n\t\t\t\t\t<div class=\"elementor-column elementor-col-100 elementor-top-column elementor-element elementor-element-50b8084\" data-id=\"50b8084\" data-element_type=\"column\" data-e-type=\"column\">\n\t\t\t<div class=\"elementor-widget-wrap elementor-element-populated\">\n\t\t\t\t\t\t<div class=\"elementor-element elementor-element-a6e05cb elementor-widget elementor-widget-heading\" data-id=\"a6e05cb\" data-element_type=\"widget\" data-e-type=\"widget\" data-widget_type=\"heading.default\">\n\t\t\t\t<div class=\"elementor-widget-container\">\n\t\t\t\t\t<h2 class=\"elementor-heading-title elementor-size-default\">Les avantages de notre service de carrelage<\/h2>\t\t\t\t<\/div>\n\t\t\t\t<\/div>\n\t\t\t\t<div class=\"elementor-element elementor-element-c06ab26 elementor-widget elementor-widget-text-editor\" data-id=\"c06ab26\" data-element_type=\"widget\" data-e-type=\"widget\" data-widget_type=\"text-editor.default\">\n\t\t\t\t<div class=\"elementor-widget-container\">\n\t\t\t\t\t\t\t\t\t<ol><li><p><strong>Expertise technique<\/strong> : Nos carreleurs poss\u00e8dent une expertise technique approfondie dans la pose de carrelage. Ils ma\u00eetrisent les techniques avanc\u00e9es pour garantir une pose pr\u00e9cise et durable. Qu&rsquo;il s&rsquo;agisse de carreaux en c\u00e9ramique, en porcelaine, en pierre naturelle ou en mosa\u00efque, nous avons l&rsquo;exp\u00e9rience n\u00e9cessaire pour travailler avec diff\u00e9rents types de carrelage.<\/p><\/li><li><p><strong>Choix vari\u00e9 de designs<\/strong> : Nous vous offrons un large \u00e9ventail de choix en termes de designs de carrelage. Que vous recherchiez un look moderne, traditionnel, contemporain ou personnalis\u00e9, nous avons les options qui r\u00e9pondent \u00e0 vos pr\u00e9f\u00e9rences. Nos carreleurs peuvent vous conseiller sur les meilleures options en fonction de votre style et de l&rsquo;usage pr\u00e9vu de la surface carrel\u00e9e.<\/p><\/li><li><p><strong>Qualit\u00e9 des mat\u00e9riaux<\/strong> : Nous travaillons avec des fournisseurs r\u00e9put\u00e9s pour vous fournir des carreaux de haute qualit\u00e9. Nous s\u00e9lectionnons des mat\u00e9riaux durables, r\u00e9sistants \u00e0 l&rsquo;usure et faciles \u00e0 entretenir, pour assurer la long\u00e9vit\u00e9 de votre rev\u00eatement de sol.<\/p><\/li><li><p><strong>Pr\u00e9cision et attention aux d\u00e9tails<\/strong> : Nous accordons une grande importance \u00e0 la pr\u00e9cision et aux finitions impeccables. Notre \u00e9quipe de carreleurs veille \u00e0 ce que chaque carreau soit pos\u00e9 avec soin, en veillant \u00e0 une coh\u00e9rence parfaite des lignes, des joints et des niveaux.<\/p><\/li><\/ol>\t\t\t\t\t\t\t\t<\/div>\n\t\t\t\t<\/div>\n\t\t\t\t<div class=\"elementor-element elementor-element-4bd73a5 elementor-widget elementor-widget-text-editor\" data-id=\"4bd73a5\" data-element_type=\"widget\" data-e-type=\"widget\" data-widget_type=\"text-editor.default\">\n\t\t\t\t<div class=\"elementor-widget-container\">\n\t\t\t\t\t\t\t\t\t<p><em>Confiez la pose de carrelage \u00e0 notre \u00e9quipe professionnelle et transformez vos espaces en v\u00e9ritables \u0153uvres d&rsquo;art. Contactez-nous d\u00e8s aujourd&rsquo;hui pour discuter de vos besoins en mati\u00e8re de carrelage et obtenir un devis personnalis\u00e9.<\/em><\/p>\t\t\t\t\t\t\t\t<\/div>\n\t\t\t\t<\/div>\n\t\t\t\t\t<\/div>\n\t\t<\/div>\n\t\t\t\t\t<\/div>\n\t\t<\/section>\n\t\t\t\t<\/div>\n\t\t","protected":false},"excerpt":{"rendered":"<p>Carrelage Carrelage professionnel Chez notre entreprise sp\u00e9cialis\u00e9e dans le domaine du BTP, nous mettons notre expertise en mati\u00e8re de pose de carrelage au service de la transformation de vos espaces. Que ce soit pour votre salle de bains, votre cuisine ou votre salon, nous vous offrons des services de pose de carrelage professionnels qui donnent [&hellip;]<\/p>\n","protected":false},"author":1,"featured_media":0,"parent":0,"menu_order":0,"comment_status":"closed","ping_status":"closed","template":"elementor_header_footer","meta":{"footnotes":""},"class_list":["post-1164","page","type-page","status-publish","hentry"],"_links":{"self":[{"href":"https:\/\/cbj-construction.myskydoowebsite.com\/index.php?rest_route=\/wp\/v2\/pages\/1164","targetHints":{"allow":["GET"]}}],"collection":[{"href":"https:\/\/cbj-construction.myskydoowebsite.com\/index.php?rest_route=\/wp\/v2\/pages"}],"about":[{"href":"https:\/\/cbj-construction.myskydoowebsite.com\/index.php?rest_route=\/wp\/v2\/types\/page"}],"author":[{"embeddable":true,"href":"https:\/\/cbj-construction.myskydoowebsite.com\/index.php?rest_route=\/wp\/v2\/users\/1"}],"replies":[{"embeddable":true,"href":"https:\/\/cbj-construction.myskydoowebsite.com\/index.php?rest_route=%2Fwp%2Fv2%2Fcomments&post=1164"}],"version-history":[{"count":10,"href":"https:\/\/cbj-construction.myskydoowebsite.com\/index.php?rest_route=\/wp\/v2\/pages\/1164\/revisions"}],"predecessor-version":[{"id":1230,"href":"https:\/\/cbj-construction.myskydoowebsite.com\/index.php?rest_route=\/wp\/v2\/pages\/1164\/revisions\/1230"}],"wp:attachment":[{"href":"https:\/\/cbj-construction.myskydoowebsite.com\/index.php?rest_route=%2Fwp%2Fv2%2Fmedia&parent=1164"}],"curies":[{"name":"wp","href":"https:\/\/api.w.org\/{rel}","templated":true}]}}