{"id":1150,"date":"2023-06-05T10:30:46","date_gmt":"2023-06-05T08:30:46","guid":{"rendered":"https:\/\/cbj-construction.myskydoowebsite.com\/?page_id=1150"},"modified":"2023-06-05T11:00:35","modified_gmt":"2023-06-05T09:00:35","slug":"facade","status":"publish","type":"page","link":"https:\/\/cbj-construction.myskydoowebsite.com\/?page_id=1150","title":{"rendered":"Fa\u00e7ade"},"content":{"rendered":"\t\t<div data-elementor-type=\"wp-page\" data-elementor-id=\"1150\" class=\"elementor elementor-1150\">\n\t\t\t\t\t\t<section class=\"elementor-section elementor-top-section elementor-element elementor-element-5ad7657 elementor-section-full_width elementor-section-height-min-height elementor-section-height-default elementor-section-items-middle\" data-id=\"5ad7657\" data-element_type=\"section\" data-e-type=\"section\" data-settings=\"{&quot;background_background&quot;:&quot;classic&quot;}\">\n\t\t\t\t\t\t<div class=\"elementor-container elementor-column-gap-default\">\n\t\t\t\t\t<div class=\"elementor-column elementor-col-100 elementor-top-column elementor-element elementor-element-4f87613\" data-id=\"4f87613\" data-element_type=\"column\" data-e-type=\"column\">\n\t\t\t<div class=\"elementor-widget-wrap elementor-element-populated\">\n\t\t\t\t\t\t<div class=\"elementor-element elementor-element-7936c6d elementor-widget elementor-widget-heading\" data-id=\"7936c6d\" data-element_type=\"widget\" data-e-type=\"widget\" data-widget_type=\"heading.default\">\n\t\t\t\t<div class=\"elementor-widget-container\">\n\t\t\t\t\t<h1 class=\"elementor-heading-title elementor-size-default\">Fa\u00e7ade<\/h1>\t\t\t\t<\/div>\n\t\t\t\t<\/div>\n\t\t\t\t\t<\/div>\n\t\t<\/div>\n\t\t\t\t\t<\/div>\n\t\t<\/section>\n\t\t\t\t<section class=\"elementor-section elementor-top-section elementor-element elementor-element-ac97ccc elementor-section-height-min-height elementor-section-boxed elementor-section-height-default elementor-section-items-middle\" data-id=\"ac97ccc\" data-element_type=\"section\" data-e-type=\"section\">\n\t\t\t\t\t\t<div class=\"elementor-container elementor-column-gap-default\">\n\t\t\t\t\t<div class=\"elementor-column elementor-col-50 elementor-top-column elementor-element elementor-element-34656c5\" data-id=\"34656c5\" data-element_type=\"column\" data-e-type=\"column\">\n\t\t\t<div class=\"elementor-widget-wrap elementor-element-populated\">\n\t\t\t\t\t\t<div class=\"elementor-element elementor-element-da6d7a8 elementor-skin-carousel elementor-widget elementor-widget-media-carousel\" data-id=\"da6d7a8\" data-element_type=\"widget\" data-e-type=\"widget\" data-settings=\"{&quot;effect&quot;:&quot;cube&quot;,&quot;space_between&quot;:{&quot;unit&quot;:&quot;px&quot;,&quot;size&quot;:&quot;&quot;,&quot;sizes&quot;:[]},&quot;skin&quot;:&quot;carousel&quot;,&quot;speed&quot;:500,&quot;autoplay&quot;:&quot;yes&quot;,&quot;autoplay_speed&quot;:5000,&quot;loop&quot;:&quot;yes&quot;,&quot;pause_on_hover&quot;:&quot;yes&quot;,&quot;pause_on_interaction&quot;:&quot;yes&quot;,&quot;space_between_tablet&quot;:{&quot;unit&quot;:&quot;px&quot;,&quot;size&quot;:10,&quot;sizes&quot;:[]},&quot;space_between_mobile&quot;:{&quot;unit&quot;:&quot;px&quot;,&quot;size&quot;:10,&quot;sizes&quot;:[]}}\" data-widget_type=\"media-carousel.default\">\n\t\t\t\t<div class=\"elementor-widget-container\">\n\t\t\t\t\t\t\t<div class=\"elementor-swiper\">\n\t\t\t<div class=\"elementor-main-swiper swiper-container\">\n\t\t\t\t<div class=\"swiper-wrapper\">\n\t\t\t\t\t\t\t\t\t\t\t<div class=\"swiper-slide\">\n\t\t\t\t\t\t\t\t\t<div class=\"elementor-carousel-image\" role=\"img\" aria-label=\"CBJ Construction\" style=\"background-image: url(&#039;https:\/\/cbj-construction.myskydoowebsite.com\/wp-content\/uploads\/2019\/01\/20170929_164259.jpg&#039;)\">\n\n\t\t\t\n\t\t\t\t\t<\/div>\n\t\t\t\t\t\t\t\t<\/div>\n\t\t\t\t\t\t\t\t\t\t\t<div class=\"swiper-slide\">\n\t\t\t\t\t\t\t\t\t<div class=\"elementor-carousel-image\" role=\"img\" aria-label=\"CBJ Construction\" style=\"background-image: url(&#039;https:\/\/cbj-construction.myskydoowebsite.com\/wp-content\/uploads\/2019\/01\/IMG-20171116-WA0025.jpg&#039;)\">\n\n\t\t\t\n\t\t\t\t\t<\/div>\n\t\t\t\t\t\t\t\t<\/div>\n\t\t\t\t\t\t\t\t\t\t\t<div class=\"swiper-slide\">\n\t\t\t\t\t\t\t\t\t<div class=\"elementor-carousel-image\" role=\"img\" aria-label=\"CBJ Construction\" style=\"background-image: url(&#039;https:\/\/cbj-construction.myskydoowebsite.com\/wp-content\/uploads\/2019\/01\/IMG-20171116-WA0035.jpg&#039;)\">\n\n\t\t\t\n\t\t\t\t\t<\/div>\n\t\t\t\t\t\t\t\t<\/div>\n\t\t\t\t\t\t\t\t\t\t\t<div class=\"swiper-slide\">\n\t\t\t\t\t\t\t\t\t<div class=\"elementor-carousel-image\" role=\"img\" aria-label=\"CBJ Construction\" style=\"background-image: url(&#039;https:\/\/cbj-construction.myskydoowebsite.com\/wp-content\/uploads\/2019\/01\/IMG-20180629-WA0014.jpg&#039;)\">\n\n\t\t\t\n\t\t\t\t\t<\/div>\n\t\t\t\t\t\t\t\t<\/div>\n\t\t\t\t\t\t\t\t\t\t\t<div class=\"swiper-slide\">\n\t\t\t\t\t\t\t\t\t<div class=\"elementor-carousel-image\" role=\"img\" aria-label=\"CBJ Construction\" style=\"background-image: url(&#039;https:\/\/cbj-construction.myskydoowebsite.com\/wp-content\/uploads\/2019\/01\/IMG-20180625-WA0028.jpg&#039;)\">\n\n\t\t\t\n\t\t\t\t\t<\/div>\n\t\t\t\t\t\t\t\t<\/div>\n\t\t\t\t\t\t\t\t\t\t\t<div class=\"swiper-slide\">\n\t\t\t\t\t\t\t\t\t<div class=\"elementor-carousel-image\" role=\"img\" aria-label=\"CBJ Construction\" style=\"background-image: url(&#039;https:\/\/cbj-construction.myskydoowebsite.com\/wp-content\/uploads\/2019\/01\/IMG-20180622-WA0041.jpg&#039;)\">\n\n\t\t\t\n\t\t\t\t\t<\/div>\n\t\t\t\t\t\t\t\t<\/div>\n\t\t\t\t\t\t\t\t\t\t\t<div class=\"swiper-slide\">\n\t\t\t\t\t\t\t\t\t<div class=\"elementor-carousel-image\" role=\"img\" aria-label=\"CBJ Construction\" style=\"background-image: url(&#039;https:\/\/cbj-construction.myskydoowebsite.com\/wp-content\/uploads\/2019\/01\/IMG-20180915-WA0002.jpg&#039;)\">\n\n\t\t\t\n\t\t\t\t\t<\/div>\n\t\t\t\t\t\t\t\t<\/div>\n\t\t\t\t\t\t\t\t\t<\/div>\n\t\t\t\t\t\t\t\t\t\t\t\t\t\t\t\t\t\t\t\t\t<\/div>\n\t\t<\/div>\n\t\t\t\t\t\t<\/div>\n\t\t\t\t<\/div>\n\t\t\t\t\t<\/div>\n\t\t<\/div>\n\t\t\t\t<div class=\"elementor-column elementor-col-50 elementor-top-column elementor-element elementor-element-b523f6b\" data-id=\"b523f6b\" data-element_type=\"column\" data-e-type=\"column\">\n\t\t\t<div class=\"elementor-widget-wrap elementor-element-populated\">\n\t\t\t\t\t\t<div class=\"elementor-element elementor-element-6c772a0 elementor-widget-mobile__width-initial elementor-widget elementor-widget-heading\" data-id=\"6c772a0\" data-element_type=\"widget\" data-e-type=\"widget\" data-widget_type=\"heading.default\">\n\t\t\t\t<div class=\"elementor-widget-container\">\n\t\t\t\t\t<h2 class=\"elementor-heading-title elementor-size-default\">Fa\u00e7ade   professionnel<\/h2>\t\t\t\t<\/div>\n\t\t\t\t<\/div>\n\t\t\t\t<div class=\"elementor-element elementor-element-248153f elementor-widget elementor-widget-text-editor\" data-id=\"248153f\" data-element_type=\"widget\" data-e-type=\"widget\" data-widget_type=\"text-editor.default\">\n\t\t\t\t<div class=\"elementor-widget-container\">\n\t\t\t\t\t\t\t\t\t<p>Chez CBJ Construction, nous comprenons l&rsquo;importance de l&rsquo;entretien et de la r\u00e9novation de vos fa\u00e7ades pour assurer la long\u00e9vit\u00e9 de vos immeubles et maisons. Nous offrons une gamme compl\u00e8te de services professionnels pour le nettoyage, le ravalement, la peinture, le rejointement, l&rsquo;\u00e9tanch\u00e9it\u00e9, les enduits, le cimentage, l&rsquo;isolation, et bien plus encore.<\/p><p>Notre \u00e9quipe exp\u00e9riment\u00e9e est sp\u00e9cialis\u00e9e dans le traitement d\u00e9licat des fa\u00e7ades, en veillant \u00e0 pr\u00e9server leur int\u00e9grit\u00e9 tout en am\u00e9liorant leur esth\u00e9tique et leur durabilit\u00e9. Nous sommes \u00e9quip\u00e9s des outils et des comp\u00e9tences n\u00e9cessaires pour effectuer des travaux de sablage, de ravalement, de peinture, de rejointement, d&rsquo;\u00e9tanch\u00e9it\u00e9, d&rsquo;enduits, de cimentage et d&rsquo;isolation selon les normes de qualit\u00e9 les plus \u00e9lev\u00e9es.<\/p>\t\t\t\t\t\t\t\t<\/div>\n\t\t\t\t<\/div>\n\t\t\t\t\t<\/div>\n\t\t<\/div>\n\t\t\t\t\t<\/div>\n\t\t<\/section>\n\t\t\t\t<section class=\"elementor-section elementor-top-section elementor-element elementor-element-6b9ec64 elementor-section-full_width elementor-section-height-default elementor-section-height-default\" data-id=\"6b9ec64\" data-element_type=\"section\" data-e-type=\"section\">\n\t\t\t\t\t\t<div class=\"elementor-container elementor-column-gap-default\">\n\t\t\t\t\t<div class=\"elementor-column elementor-col-100 elementor-top-column elementor-element elementor-element-42beb08\" data-id=\"42beb08\" data-element_type=\"column\" data-e-type=\"column\">\n\t\t\t<div class=\"elementor-widget-wrap elementor-element-populated\">\n\t\t\t\t\t\t<div class=\"elementor-element elementor-element-e0b5639 elementor-widget elementor-widget-image-carousel\" data-id=\"e0b5639\" data-element_type=\"widget\" data-e-type=\"widget\" data-settings=\"{&quot;navigation&quot;:&quot;none&quot;,&quot;autoplay&quot;:&quot;yes&quot;,&quot;pause_on_hover&quot;:&quot;yes&quot;,&quot;pause_on_interaction&quot;:&quot;yes&quot;,&quot;autoplay_speed&quot;:5000,&quot;infinite&quot;:&quot;yes&quot;,&quot;speed&quot;:500}\" data-widget_type=\"image-carousel.default\">\n\t\t\t\t<div class=\"elementor-widget-container\">\n\t\t\t\t\t\t\t<div class=\"elementor-image-carousel-wrapper swiper\" role=\"region\" aria-roledescription=\"carousel\" aria-label=\"Carrousel d\u2019images\" dir=\"ltr\">\n\t\t\t<div class=\"elementor-image-carousel swiper-wrapper\" aria-live=\"off\">\n\t\t\t\t\t\t\t\t<div class=\"swiper-slide\" role=\"group\" aria-roledescription=\"slide\" aria-label=\"1 sur 3\"><figure class=\"swiper-slide-inner\"><img decoding=\"async\" class=\"swiper-slide-image\" src=\"https:\/\/cbj-construction.myskydoowebsite.com\/wp-content\/uploads\/2-7.png\" alt=\"2\" \/><\/figure><\/div><div class=\"swiper-slide\" role=\"group\" aria-roledescription=\"slide\" aria-label=\"2 sur 3\"><figure class=\"swiper-slide-inner\"><img decoding=\"async\" class=\"swiper-slide-image\" src=\"https:\/\/cbj-construction.myskydoowebsite.com\/wp-content\/uploads\/3-4.png\" alt=\"3\" \/><\/figure><\/div><div class=\"swiper-slide\" role=\"group\" aria-roledescription=\"slide\" aria-label=\"3 sur 3\"><figure class=\"swiper-slide-inner\"><img decoding=\"async\" class=\"swiper-slide-image\" src=\"https:\/\/cbj-construction.myskydoowebsite.com\/wp-content\/uploads\/4-3.png\" alt=\"4\" \/><\/figure><\/div>\t\t\t<\/div>\n\t\t\t\t\t\t\t\n\t\t\t\t\t\t\t\t\t<\/div>\n\t\t\t\t\t\t<\/div>\n\t\t\t\t<\/div>\n\t\t\t\t\t<\/div>\n\t\t<\/div>\n\t\t\t\t\t<\/div>\n\t\t<\/section>\n\t\t\t\t<section class=\"elementor-section elementor-top-section elementor-element elementor-element-b272b81 elementor-section-boxed elementor-section-height-default elementor-section-height-default\" data-id=\"b272b81\" data-element_type=\"section\" data-e-type=\"section\">\n\t\t\t\t\t\t<div class=\"elementor-container elementor-column-gap-default\">\n\t\t\t\t\t<div class=\"elementor-column elementor-col-100 elementor-top-column elementor-element elementor-element-6de71f0\" data-id=\"6de71f0\" data-element_type=\"column\" data-e-type=\"column\">\n\t\t\t<div class=\"elementor-widget-wrap elementor-element-populated\">\n\t\t\t\t\t\t<div class=\"elementor-element elementor-element-c928cc2 elementor-widget elementor-widget-heading\" data-id=\"c928cc2\" data-element_type=\"widget\" data-e-type=\"widget\" data-widget_type=\"heading.default\">\n\t\t\t\t<div class=\"elementor-widget-container\">\n\t\t\t\t\t<h2 class=\"elementor-heading-title elementor-size-default\">Les avantages de notre service de fa\u00e7ade<\/h2>\t\t\t\t<\/div>\n\t\t\t\t<\/div>\n\t\t\t\t<div class=\"elementor-element elementor-element-a814a61 elementor-widget elementor-widget-text-editor\" data-id=\"a814a61\" data-element_type=\"widget\" data-e-type=\"widget\" data-widget_type=\"text-editor.default\">\n\t\t\t\t<div class=\"elementor-widget-container\">\n\t\t\t\t\t\t\t\t\t<ol><li><p><strong>Nettoyage en douceur<\/strong> : Nous utilisons des m\u00e9thodes de nettoyage douces et respectueuses de l&rsquo;environnement pour \u00e9liminer les salet\u00e9s, les moisissures et les d\u00e9p\u00f4ts ind\u00e9sirables de vos fa\u00e7ades. Nous veillons \u00e0 pr\u00e9server l&rsquo;int\u00e9grit\u00e9 des mat\u00e9riaux tout en restaurant la beaut\u00e9 de vos fa\u00e7ades.<\/p><\/li><li><p><strong>Ravalement de fa\u00e7ade<\/strong> : Notre \u00e9quipe de professionnels qualifi\u00e9s est sp\u00e9cialis\u00e9e dans le ravalement de fa\u00e7ades, offrant une r\u00e9novation compl\u00e8te pour restaurer l&rsquo;apparence et la fonctionnalit\u00e9 de vos b\u00e2timents. Nous r\u00e9alisons les travaux de r\u00e9paration, de nettoyage, de rejointement et de protection n\u00e9cessaires pour redonner \u00e0 vos fa\u00e7ades une nouvelle jeunesse.<\/p><\/li><li><p><strong>Peinture et enduits<\/strong> : Nous proposons des services de peinture de haute qualit\u00e9 pour embellir et prot\u00e9ger vos fa\u00e7ades. Nos peintres exp\u00e9riment\u00e9s travaillent avec soin pour assurer une finition uniforme et durable. De plus, nous r\u00e9alisons des enduits sp\u00e9ciaux pour am\u00e9liorer l&rsquo;isolation thermique, l&rsquo;\u00e9tanch\u00e9it\u00e9 et l&rsquo;esth\u00e9tique de vos fa\u00e7ades.<\/p><\/li><li><p><strong>Isolation et \u00e9tanch\u00e9it\u00e9<\/strong> : Nous sommes sp\u00e9cialis\u00e9s dans l&rsquo;isolation et l&rsquo;\u00e9tanch\u00e9it\u00e9 des fa\u00e7ades, ce qui contribue \u00e0 am\u00e9liorer l&rsquo;efficacit\u00e9 \u00e9nerg\u00e9tique de votre b\u00e2timent et \u00e0 pr\u00e9venir les probl\u00e8mes d&rsquo;infiltration d&rsquo;eau. Nous utilisons des mat\u00e9riaux de qualit\u00e9 sup\u00e9rieure pour garantir une isolation optimale et une protection contre les \u00e9l\u00e9ments ext\u00e9rieurs.<\/p><\/li><li><p><strong>Comp\u00e9tence et fiabilit\u00e9<\/strong> : Notre \u00e9quipe de professionnels qualifi\u00e9s poss\u00e8de une expertise approfondie dans les travaux de fa\u00e7ade. Nous nous engageons \u00e0 fournir un service fiable, respectant les d\u00e9lais convenus et offrant des r\u00e9sultats de haute qualit\u00e9.<\/p><\/li><\/ol>\t\t\t\t\t\t\t\t<\/div>\n\t\t\t\t<\/div>\n\t\t\t\t<div class=\"elementor-element elementor-element-9e07cdf elementor-widget elementor-widget-text-editor\" data-id=\"9e07cdf\" data-element_type=\"widget\" data-e-type=\"widget\" data-widget_type=\"text-editor.default\">\n\t\t\t\t<div class=\"elementor-widget-container\">\n\t\t\t\t\t\t\t\t\t<p><em>Confiez l&rsquo;entretien et la r\u00e9novation de vos fa\u00e7ades \u00e0 notre \u00e9quipe comp\u00e9tente. Contactez-nous d\u00e8s aujourd&rsquo;hui pour discuter de vos besoins sp\u00e9cifiques et obtenir un devis personnalis\u00e9.<\/em><\/p>\t\t\t\t\t\t\t\t<\/div>\n\t\t\t\t<\/div>\n\t\t\t\t\t<\/div>\n\t\t<\/div>\n\t\t\t\t\t<\/div>\n\t\t<\/section>\n\t\t\t\t<\/div>\n\t\t","protected":false},"excerpt":{"rendered":"<p>Fa\u00e7ade Fa\u00e7ade professionnel Chez CBJ Construction, nous comprenons l&rsquo;importance de l&rsquo;entretien et de la r\u00e9novation de vos fa\u00e7ades pour assurer la long\u00e9vit\u00e9 de vos immeubles et maisons. Nous offrons une gamme compl\u00e8te de services professionnels pour le nettoyage, le ravalement, la peinture, le rejointement, l&rsquo;\u00e9tanch\u00e9it\u00e9, les enduits, le cimentage, l&rsquo;isolation, et bien plus encore. Notre [&hellip;]<\/p>\n","protected":false},"author":1,"featured_media":0,"parent":0,"menu_order":0,"comment_status":"closed","ping_status":"closed","template":"elementor_header_footer","meta":{"footnotes":""},"class_list":["post-1150","page","type-page","status-publish","hentry"],"_links":{"self":[{"href":"https:\/\/cbj-construction.myskydoowebsite.com\/index.php?rest_route=\/wp\/v2\/pages\/1150","targetHints":{"allow":["GET"]}}],"collection":[{"href":"https:\/\/cbj-construction.myskydoowebsite.com\/index.php?rest_route=\/wp\/v2\/pages"}],"about":[{"href":"https:\/\/cbj-construction.myskydoowebsite.com\/index.php?rest_route=\/wp\/v2\/types\/page"}],"author":[{"embeddable":true,"href":"https:\/\/cbj-construction.myskydoowebsite.com\/index.php?rest_route=\/wp\/v2\/users\/1"}],"replies":[{"embeddable":true,"href":"https:\/\/cbj-construction.myskydoowebsite.com\/index.php?rest_route=%2Fwp%2Fv2%2Fcomments&post=1150"}],"version-history":[{"count":10,"href":"https:\/\/cbj-construction.myskydoowebsite.com\/index.php?rest_route=\/wp\/v2\/pages\/1150\/revisions"}],"predecessor-version":[{"id":1181,"href":"https:\/\/cbj-construction.myskydoowebsite.com\/index.php?rest_route=\/wp\/v2\/pages\/1150\/revisions\/1181"}],"wp:attachment":[{"href":"https:\/\/cbj-construction.myskydoowebsite.com\/index.php?rest_route=%2Fwp%2Fv2%2Fmedia&parent=1150"}],"curies":[{"name":"wp","href":"https:\/\/api.w.org\/{rel}","templated":true}]}}