{"id":1127,"date":"2023-06-05T10:15:56","date_gmt":"2023-06-05T08:15:56","guid":{"rendered":"https:\/\/cbj-construction.myskydoowebsite.com\/?page_id=1127"},"modified":"2023-06-05T11:57:32","modified_gmt":"2023-06-05T09:57:32","slug":"cloison","status":"publish","type":"page","link":"https:\/\/cbj-construction.myskydoowebsite.com\/?page_id=1127","title":{"rendered":"Cloison"},"content":{"rendered":"\t\t<div data-elementor-type=\"wp-page\" data-elementor-id=\"1127\" class=\"elementor elementor-1127\">\n\t\t\t\t\t\t<section class=\"elementor-section elementor-top-section elementor-element elementor-element-0a62e9e elementor-section-full_width elementor-section-height-min-height elementor-section-height-default elementor-section-items-middle\" data-id=\"0a62e9e\" data-element_type=\"section\" data-e-type=\"section\" data-settings=\"{&quot;background_background&quot;:&quot;classic&quot;}\">\n\t\t\t\t\t\t<div class=\"elementor-container elementor-column-gap-default\">\n\t\t\t\t\t<div class=\"elementor-column elementor-col-100 elementor-top-column elementor-element elementor-element-e98bb6e\" data-id=\"e98bb6e\" data-element_type=\"column\" data-e-type=\"column\">\n\t\t\t<div class=\"elementor-widget-wrap elementor-element-populated\">\n\t\t\t\t\t\t<div class=\"elementor-element elementor-element-8291f8c elementor-widget elementor-widget-heading\" data-id=\"8291f8c\" data-element_type=\"widget\" data-e-type=\"widget\" data-widget_type=\"heading.default\">\n\t\t\t\t<div class=\"elementor-widget-container\">\n\t\t\t\t\t<h1 class=\"elementor-heading-title elementor-size-default\">Cloison<\/h1>\t\t\t\t<\/div>\n\t\t\t\t<\/div>\n\t\t\t\t\t<\/div>\n\t\t<\/div>\n\t\t\t\t\t<\/div>\n\t\t<\/section>\n\t\t\t\t<section class=\"elementor-section elementor-top-section elementor-element elementor-element-b928693 elementor-section-height-min-height elementor-section-boxed elementor-section-height-default elementor-section-items-middle\" data-id=\"b928693\" data-element_type=\"section\" data-e-type=\"section\">\n\t\t\t\t\t\t<div class=\"elementor-container elementor-column-gap-default\">\n\t\t\t\t\t<div class=\"elementor-column elementor-col-50 elementor-top-column elementor-element elementor-element-3c89984\" data-id=\"3c89984\" data-element_type=\"column\" data-e-type=\"column\">\n\t\t\t<div class=\"elementor-widget-wrap elementor-element-populated\">\n\t\t\t\t\t\t<div class=\"elementor-element elementor-element-0043d50 elementor-skin-carousel elementor-widget elementor-widget-media-carousel\" data-id=\"0043d50\" data-element_type=\"widget\" data-e-type=\"widget\" data-settings=\"{&quot;effect&quot;:&quot;cube&quot;,&quot;space_between&quot;:{&quot;unit&quot;:&quot;px&quot;,&quot;size&quot;:&quot;&quot;,&quot;sizes&quot;:[]},&quot;skin&quot;:&quot;carousel&quot;,&quot;speed&quot;:500,&quot;autoplay&quot;:&quot;yes&quot;,&quot;autoplay_speed&quot;:5000,&quot;loop&quot;:&quot;yes&quot;,&quot;pause_on_hover&quot;:&quot;yes&quot;,&quot;pause_on_interaction&quot;:&quot;yes&quot;,&quot;space_between_tablet&quot;:{&quot;unit&quot;:&quot;px&quot;,&quot;size&quot;:10,&quot;sizes&quot;:[]},&quot;space_between_mobile&quot;:{&quot;unit&quot;:&quot;px&quot;,&quot;size&quot;:10,&quot;sizes&quot;:[]}}\" data-widget_type=\"media-carousel.default\">\n\t\t\t\t<div class=\"elementor-widget-container\">\n\t\t\t\t\t\t\t<div class=\"elementor-swiper\">\n\t\t\t<div class=\"elementor-main-swiper swiper-container\">\n\t\t\t\t<div class=\"swiper-wrapper\">\n\t\t\t\t\t\t\t\t\t\t\t<div class=\"swiper-slide\">\n\t\t\t\t\t\t\t\t\t<div class=\"elementor-carousel-image\" role=\"img\" aria-label=\"CBJ Construction\" style=\"background-image: url(&#039;https:\/\/cbj-construction.myskydoowebsite.com\/wp-content\/uploads\/2019\/01\/20171223_124841.jpg&#039;)\">\n\n\t\t\t\n\t\t\t\t\t<\/div>\n\t\t\t\t\t\t\t\t<\/div>\n\t\t\t\t\t\t\t\t\t\t\t<div class=\"swiper-slide\">\n\t\t\t\t\t\t\t\t\t<div class=\"elementor-carousel-image\" role=\"img\" aria-label=\"CBJ Construction\" style=\"background-image: url(&#039;https:\/\/cbj-construction.myskydoowebsite.com\/wp-content\/uploads\/2019\/01\/20171223_124853.jpg&#039;)\">\n\n\t\t\t\n\t\t\t\t\t<\/div>\n\t\t\t\t\t\t\t\t<\/div>\n\t\t\t\t\t\t\t\t\t\t\t<div class=\"swiper-slide\">\n\t\t\t\t\t\t\t\t\t<div class=\"elementor-carousel-image\" role=\"img\" aria-label=\"CBJ Construction\" style=\"background-image: url(&#039;https:\/\/cbj-construction.myskydoowebsite.com\/wp-content\/uploads\/2019\/01\/20171223_124903.jpg&#039;)\">\n\n\t\t\t\n\t\t\t\t\t<\/div>\n\t\t\t\t\t\t\t\t<\/div>\n\t\t\t\t\t\t\t\t\t\t\t<div class=\"swiper-slide\">\n\t\t\t\t\t\t\t\t\t<div class=\"elementor-carousel-image\" role=\"img\" aria-label=\"CBJ Construction\" style=\"background-image: url(&#039;https:\/\/cbj-construction.myskydoowebsite.com\/wp-content\/uploads\/2019\/01\/20171223_124913.jpg&#039;)\">\n\n\t\t\t\n\t\t\t\t\t<\/div>\n\t\t\t\t\t\t\t\t<\/div>\n\t\t\t\t\t\t\t\t\t\t\t<div class=\"swiper-slide\">\n\t\t\t\t\t\t\t\t\t<div class=\"elementor-carousel-image\" role=\"img\" aria-label=\"CBJ Construction\" style=\"background-image: url(&#039;https:\/\/cbj-construction.myskydoowebsite.com\/wp-content\/uploads\/2019\/01\/IMG-20180623-WA0009.jpg&#039;)\">\n\n\t\t\t\n\t\t\t\t\t<\/div>\n\t\t\t\t\t\t\t\t<\/div>\n\t\t\t\t\t\t\t\t\t\t\t<div class=\"swiper-slide\">\n\t\t\t\t\t\t\t\t\t<div class=\"elementor-carousel-image\" role=\"img\" aria-label=\"CBJ Construction\" style=\"background-image: url(&#039;https:\/\/cbj-construction.myskydoowebsite.com\/wp-content\/uploads\/2019\/01\/IMG-20180623-WA0021.jpg&#039;)\">\n\n\t\t\t\n\t\t\t\t\t<\/div>\n\t\t\t\t\t\t\t\t<\/div>\n\t\t\t\t\t\t\t\t\t\t\t<div class=\"swiper-slide\">\n\t\t\t\t\t\t\t\t\t<div class=\"elementor-carousel-image\" role=\"img\" aria-label=\"CBJ Construction\" style=\"background-image: url(&#039;https:\/\/cbj-construction.myskydoowebsite.com\/wp-content\/uploads\/2019\/01\/IMG-20180623-WA0017.jpg&#039;)\">\n\n\t\t\t\n\t\t\t\t\t<\/div>\n\t\t\t\t\t\t\t\t<\/div>\n\t\t\t\t\t\t\t\t\t<\/div>\n\t\t\t\t\t\t\t\t\t\t\t\t\t\t\t\t\t\t\t\t\t<\/div>\n\t\t<\/div>\n\t\t\t\t\t\t<\/div>\n\t\t\t\t<\/div>\n\t\t\t\t\t<\/div>\n\t\t<\/div>\n\t\t\t\t<div class=\"elementor-column elementor-col-50 elementor-top-column elementor-element elementor-element-355abe1\" data-id=\"355abe1\" data-element_type=\"column\" data-e-type=\"column\">\n\t\t\t<div class=\"elementor-widget-wrap elementor-element-populated\">\n\t\t\t\t\t\t<div class=\"elementor-element elementor-element-f6cd0b8 elementor-widget-mobile__width-initial elementor-widget elementor-widget-heading\" data-id=\"f6cd0b8\" data-element_type=\"widget\" data-e-type=\"widget\" data-widget_type=\"heading.default\">\n\t\t\t\t<div class=\"elementor-widget-container\">\n\t\t\t\t\t<h2 class=\"elementor-heading-title elementor-size-default\">Cloisonnage professionnelle<\/h2>\t\t\t\t<\/div>\n\t\t\t\t<\/div>\n\t\t\t\t<div class=\"elementor-element elementor-element-84d5ba8 elementor-widget elementor-widget-text-editor\" data-id=\"84d5ba8\" data-element_type=\"widget\" data-e-type=\"widget\" data-widget_type=\"text-editor.default\">\n\t\t\t\t<div class=\"elementor-widget-container\">\n\t\t\t\t\t\t\t\t\t<p>Chez notre entreprise sp\u00e9cialis\u00e9e dans le domaine du BTP, nous proposons des solutions de cloisons et de faux-plafonds personnalisables pour r\u00e9pondre \u00e0 vos besoins sp\u00e9cifiques en mati\u00e8re de r\u00e9novation, d&rsquo;am\u00e9nagement de votre habitat, de bureau ou de commerce. Nos cloisons et faux-plafonds offrent une polyvalence in\u00e9gal\u00e9e pour r\u00e9pondre \u00e0 une multitude d&rsquo;applications, qu&rsquo;il s&rsquo;agisse de s\u00e9paration acoustique, de s\u00e9paration thermique, de doublage de mur pour l&rsquo;isolation, de cloisons coulissantes ou rotatives, ou de plaques hydrofuges pour les endroits humides.<\/p><p>Nos solutions de cloisons et de faux-plafonds sur mesure sont con\u00e7ues pour s&rsquo;adapter parfaitement \u00e0 vos besoins sp\u00e9cifiques. Que vous souhaitiez diviser un espace pour cr\u00e9er des zones distinctes, am\u00e9liorer l&rsquo;isolation thermique et acoustique, ou simplement ajouter une touche esth\u00e9tique \u00e0 votre int\u00e9rieur, nous avons les solutions adapt\u00e9es.<\/p>\t\t\t\t\t\t\t\t<\/div>\n\t\t\t\t<\/div>\n\t\t\t\t\t<\/div>\n\t\t<\/div>\n\t\t\t\t\t<\/div>\n\t\t<\/section>\n\t\t\t\t<section class=\"elementor-section elementor-top-section elementor-element elementor-element-a813302 elementor-section-full_width elementor-section-height-default elementor-section-height-default\" data-id=\"a813302\" data-element_type=\"section\" data-e-type=\"section\">\n\t\t\t\t\t\t<div class=\"elementor-container elementor-column-gap-default\">\n\t\t\t\t\t<div class=\"elementor-column elementor-col-100 elementor-top-column elementor-element elementor-element-98edc61\" data-id=\"98edc61\" data-element_type=\"column\" data-e-type=\"column\">\n\t\t\t<div class=\"elementor-widget-wrap elementor-element-populated\">\n\t\t\t\t\t\t<div class=\"elementor-element elementor-element-28fb243 elementor-widget elementor-widget-image-carousel\" data-id=\"28fb243\" data-element_type=\"widget\" data-e-type=\"widget\" data-settings=\"{&quot;navigation&quot;:&quot;none&quot;,&quot;autoplay&quot;:&quot;yes&quot;,&quot;pause_on_hover&quot;:&quot;yes&quot;,&quot;pause_on_interaction&quot;:&quot;yes&quot;,&quot;autoplay_speed&quot;:5000,&quot;infinite&quot;:&quot;yes&quot;,&quot;speed&quot;:500}\" data-widget_type=\"image-carousel.default\">\n\t\t\t\t<div class=\"elementor-widget-container\">\n\t\t\t\t\t\t\t<div class=\"elementor-image-carousel-wrapper swiper\" role=\"region\" aria-roledescription=\"carousel\" aria-label=\"Carrousel d\u2019images\" dir=\"ltr\">\n\t\t\t<div class=\"elementor-image-carousel swiper-wrapper\" aria-live=\"off\">\n\t\t\t\t\t\t\t\t<div class=\"swiper-slide\" role=\"group\" aria-roledescription=\"slide\" aria-label=\"1 sur 3\"><figure class=\"swiper-slide-inner\"><img decoding=\"async\" class=\"swiper-slide-image\" src=\"https:\/\/cbj-construction.myskydoowebsite.com\/wp-content\/uploads\/3-3.png\" alt=\"3\" \/><\/figure><\/div><div class=\"swiper-slide\" role=\"group\" aria-roledescription=\"slide\" aria-label=\"2 sur 3\"><figure class=\"swiper-slide-inner\"><img decoding=\"async\" class=\"swiper-slide-image\" src=\"https:\/\/cbj-construction.myskydoowebsite.com\/wp-content\/uploads\/4-2.png\" alt=\"4\" \/><\/figure><\/div><div class=\"swiper-slide\" role=\"group\" aria-roledescription=\"slide\" aria-label=\"3 sur 3\"><figure class=\"swiper-slide-inner\"><img decoding=\"async\" class=\"swiper-slide-image\" src=\"https:\/\/cbj-construction.myskydoowebsite.com\/wp-content\/uploads\/2-6.png\" alt=\"2\" \/><\/figure><\/div>\t\t\t<\/div>\n\t\t\t\t\t\t\t\n\t\t\t\t\t\t\t\t\t<\/div>\n\t\t\t\t\t\t<\/div>\n\t\t\t\t<\/div>\n\t\t\t\t\t<\/div>\n\t\t<\/div>\n\t\t\t\t\t<\/div>\n\t\t<\/section>\n\t\t\t\t<section class=\"elementor-section elementor-top-section elementor-element elementor-element-27a5a92 elementor-section-boxed elementor-section-height-default elementor-section-height-default\" data-id=\"27a5a92\" data-element_type=\"section\" data-e-type=\"section\">\n\t\t\t\t\t\t<div class=\"elementor-container elementor-column-gap-default\">\n\t\t\t\t\t<div class=\"elementor-column elementor-col-100 elementor-top-column elementor-element elementor-element-a326563\" data-id=\"a326563\" data-element_type=\"column\" data-e-type=\"column\">\n\t\t\t<div class=\"elementor-widget-wrap elementor-element-populated\">\n\t\t\t\t\t\t<div class=\"elementor-element elementor-element-4fb09d9 elementor-widget elementor-widget-heading\" data-id=\"4fb09d9\" data-element_type=\"widget\" data-e-type=\"widget\" data-widget_type=\"heading.default\">\n\t\t\t\t<div class=\"elementor-widget-container\">\n\t\t\t\t\t<h2 class=\"elementor-heading-title elementor-size-default\">Les avantages de notre service de cloisonnage<\/h2>\t\t\t\t<\/div>\n\t\t\t\t<\/div>\n\t\t\t\t<div class=\"elementor-element elementor-element-0e4553c elementor-widget elementor-widget-text-editor\" data-id=\"0e4553c\" data-element_type=\"widget\" data-e-type=\"widget\" data-widget_type=\"text-editor.default\">\n\t\t\t\t<div class=\"elementor-widget-container\">\n\t\t\t\t\t\t\t\t\t<ol><li><p><strong>Personnalisation infinie<\/strong> : Nous comprenons que chaque projet est unique. C&rsquo;est pourquoi nos cloisons et faux-plafonds peuvent \u00eatre enti\u00e8rement personnalis\u00e9s pour r\u00e9pondre \u00e0 vos besoins et \u00e0 vos pr\u00e9f\u00e9rences. Que ce soit en termes de dimensions, de mat\u00e9riaux, de finitions ou de fonctionnalit\u00e9s sp\u00e9cifiques, nous travaillons en \u00e9troite collaboration avec vous pour cr\u00e9er des solutions sur mesure.<\/p><\/li><li><p><strong>Polyvalence et fonctionnalit\u00e9<\/strong> : Nos cloisons et faux-plafonds sont con\u00e7us pour remplir diff\u00e9rentes fonctions selon vos besoins. Que vous recherchiez une s\u00e9paration acoustique pour un environnement calme, une isolation thermique pour am\u00e9liorer l&rsquo;efficacit\u00e9 \u00e9nerg\u00e9tique, des cloisons coulissantes ou rotatives pour une flexibilit\u00e9 d&rsquo;espace, ou des plaques hydrofuges pour les endroits humides, nous avons les options adapt\u00e9es \u00e0 chaque situation.<\/p><\/li><li><p><strong>Qualit\u00e9 des mat\u00e9riaux<\/strong> : Nous utilisons des mat\u00e9riaux de haute qualit\u00e9 pour nos cloisons et faux-plafonds afin de garantir la durabilit\u00e9 et la solidit\u00e9 de nos r\u00e9alisations. Nous travaillons avec des fournisseurs r\u00e9put\u00e9s pour acc\u00e9der \u00e0 une large gamme de mat\u00e9riaux adapt\u00e9s \u00e0 chaque application.<\/p><\/li><li><p><strong>Expertise et savoir-faire<\/strong> : Notre \u00e9quipe de professionnels qualifi\u00e9s poss\u00e8de une expertise approfondie dans l&rsquo;installation de cloisons et de faux-plafonds. Ils sont form\u00e9s aux derni\u00e8res techniques et aux normes de construction en vigueur pour garantir une installation pr\u00e9cise et de qualit\u00e9.<\/p><\/li><\/ol>\t\t\t\t\t\t\t\t<\/div>\n\t\t\t\t<\/div>\n\t\t\t\t<div class=\"elementor-element elementor-element-17cde0a elementor-widget elementor-widget-text-editor\" data-id=\"17cde0a\" data-element_type=\"widget\" data-e-type=\"widget\" data-widget_type=\"text-editor.default\">\n\t\t\t\t<div class=\"elementor-widget-container\">\n\t\t\t\t\t\t\t\t\t<p><em>Donnez une nouvelle dimension \u00e0 votre r\u00e9novation gr\u00e2ce \u00e0 nos solutions de cloisons et de faux-plafonds sur mesure. Contactez-nous d\u00e8s aujourd&rsquo;hui pour discuter de vos besoins et obtenir un devis personnalis\u00e9.<\/em><\/p>\t\t\t\t\t\t\t\t<\/div>\n\t\t\t\t<\/div>\n\t\t\t\t\t<\/div>\n\t\t<\/div>\n\t\t\t\t\t<\/div>\n\t\t<\/section>\n\t\t\t\t<\/div>\n\t\t","protected":false},"excerpt":{"rendered":"<p>Cloison Cloisonnage professionnelle Chez notre entreprise sp\u00e9cialis\u00e9e dans le domaine du BTP, nous proposons des solutions de cloisons et de faux-plafonds personnalisables pour r\u00e9pondre \u00e0 vos besoins sp\u00e9cifiques en mati\u00e8re de r\u00e9novation, d&rsquo;am\u00e9nagement de votre habitat, de bureau ou de commerce. Nos cloisons et faux-plafonds offrent une polyvalence in\u00e9gal\u00e9e pour r\u00e9pondre \u00e0 une multitude d&rsquo;applications, [&hellip;]<\/p>\n","protected":false},"author":1,"featured_media":0,"parent":0,"menu_order":0,"comment_status":"closed","ping_status":"closed","template":"elementor_header_footer","meta":{"footnotes":""},"class_list":["post-1127","page","type-page","status-publish","hentry"],"_links":{"self":[{"href":"https:\/\/cbj-construction.myskydoowebsite.com\/index.php?rest_route=\/wp\/v2\/pages\/1127","targetHints":{"allow":["GET"]}}],"collection":[{"href":"https:\/\/cbj-construction.myskydoowebsite.com\/index.php?rest_route=\/wp\/v2\/pages"}],"about":[{"href":"https:\/\/cbj-construction.myskydoowebsite.com\/index.php?rest_route=\/wp\/v2\/types\/page"}],"author":[{"embeddable":true,"href":"https:\/\/cbj-construction.myskydoowebsite.com\/index.php?rest_route=\/wp\/v2\/users\/1"}],"replies":[{"embeddable":true,"href":"https:\/\/cbj-construction.myskydoowebsite.com\/index.php?rest_route=%2Fwp%2Fv2%2Fcomments&post=1127"}],"version-history":[{"count":17,"href":"https:\/\/cbj-construction.myskydoowebsite.com\/index.php?rest_route=\/wp\/v2\/pages\/1127\/revisions"}],"predecessor-version":[{"id":1259,"href":"https:\/\/cbj-construction.myskydoowebsite.com\/index.php?rest_route=\/wp\/v2\/pages\/1127\/revisions\/1259"}],"wp:attachment":[{"href":"https:\/\/cbj-construction.myskydoowebsite.com\/index.php?rest_route=%2Fwp%2Fv2%2Fmedia&parent=1127"}],"curies":[{"name":"wp","href":"https:\/\/api.w.org\/{rel}","templated":true}]}}