{"id":1114,"date":"2023-06-05T10:00:54","date_gmt":"2023-06-05T08:00:54","guid":{"rendered":"https:\/\/cbj-construction.myskydoowebsite.com\/?page_id=1114"},"modified":"2023-06-05T14:23:56","modified_gmt":"2023-06-05T12:23:56","slug":"maconnerie","status":"publish","type":"page","link":"https:\/\/cbj-construction.myskydoowebsite.com\/?page_id=1114","title":{"rendered":"Ma\u00e7onnerie"},"content":{"rendered":"\t\t<div data-elementor-type=\"wp-page\" data-elementor-id=\"1114\" class=\"elementor elementor-1114\">\n\t\t\t\t\t\t<section class=\"elementor-section elementor-top-section elementor-element elementor-element-3587d9a elementor-section-full_width elementor-section-height-min-height elementor-section-height-default elementor-section-items-middle\" data-id=\"3587d9a\" data-element_type=\"section\" data-e-type=\"section\" data-settings=\"{&quot;background_background&quot;:&quot;classic&quot;}\">\n\t\t\t\t\t\t<div class=\"elementor-container elementor-column-gap-default\">\n\t\t\t\t\t<div class=\"elementor-column elementor-col-100 elementor-top-column elementor-element elementor-element-81011c9\" data-id=\"81011c9\" data-element_type=\"column\" data-e-type=\"column\">\n\t\t\t<div class=\"elementor-widget-wrap elementor-element-populated\">\n\t\t\t\t\t\t<div class=\"elementor-element elementor-element-118ea34 elementor-widget elementor-widget-heading\" data-id=\"118ea34\" data-element_type=\"widget\" data-e-type=\"widget\" data-widget_type=\"heading.default\">\n\t\t\t\t<div class=\"elementor-widget-container\">\n\t\t\t\t\t<h1 class=\"elementor-heading-title elementor-size-default\">Ma\u00e7onnerie<\/h1>\t\t\t\t<\/div>\n\t\t\t\t<\/div>\n\t\t\t\t\t<\/div>\n\t\t<\/div>\n\t\t\t\t\t<\/div>\n\t\t<\/section>\n\t\t\t\t<section class=\"elementor-section elementor-top-section elementor-element elementor-element-4239288 elementor-section-height-min-height elementor-section-boxed elementor-section-height-default elementor-section-items-middle\" data-id=\"4239288\" data-element_type=\"section\" data-e-type=\"section\">\n\t\t\t\t\t\t<div class=\"elementor-container elementor-column-gap-default\">\n\t\t\t\t\t<div class=\"elementor-column elementor-col-50 elementor-top-column elementor-element elementor-element-22ba74e\" data-id=\"22ba74e\" data-element_type=\"column\" data-e-type=\"column\">\n\t\t\t<div class=\"elementor-widget-wrap elementor-element-populated\">\n\t\t\t\t\t\t<div class=\"elementor-element elementor-element-e5aa170 elementor-skin-carousel elementor-widget elementor-widget-media-carousel\" data-id=\"e5aa170\" data-element_type=\"widget\" data-e-type=\"widget\" data-settings=\"{&quot;effect&quot;:&quot;cube&quot;,&quot;space_between&quot;:{&quot;unit&quot;:&quot;px&quot;,&quot;size&quot;:&quot;&quot;,&quot;sizes&quot;:[]},&quot;skin&quot;:&quot;carousel&quot;,&quot;speed&quot;:500,&quot;autoplay&quot;:&quot;yes&quot;,&quot;autoplay_speed&quot;:5000,&quot;loop&quot;:&quot;yes&quot;,&quot;pause_on_hover&quot;:&quot;yes&quot;,&quot;pause_on_interaction&quot;:&quot;yes&quot;,&quot;space_between_tablet&quot;:{&quot;unit&quot;:&quot;px&quot;,&quot;size&quot;:10,&quot;sizes&quot;:[]},&quot;space_between_mobile&quot;:{&quot;unit&quot;:&quot;px&quot;,&quot;size&quot;:10,&quot;sizes&quot;:[]}}\" data-widget_type=\"media-carousel.default\">\n\t\t\t\t<div class=\"elementor-widget-container\">\n\t\t\t\t\t\t\t<div class=\"elementor-swiper\">\n\t\t\t<div class=\"elementor-main-swiper swiper-container\">\n\t\t\t\t<div class=\"swiper-wrapper\">\n\t\t\t\t\t\t\t\t\t\t\t<div class=\"swiper-slide\">\n\t\t\t\t\t\t\t\t\t<div class=\"elementor-carousel-image\" role=\"img\" aria-label=\"CBJ Construction\" style=\"background-image: url(&#039;https:\/\/cbj-construction.myskydoowebsite.com\/wp-content\/uploads\/2019\/01\/IMG-20180504-WA0008.jpg&#039;)\">\n\n\t\t\t\n\t\t\t\t\t<\/div>\n\t\t\t\t\t\t\t\t<\/div>\n\t\t\t\t\t\t\t\t\t\t\t<div class=\"swiper-slide\">\n\t\t\t\t\t\t\t\t\t<div class=\"elementor-carousel-image\" role=\"img\" aria-label=\"CBJ Construction\" style=\"background-image: url(&#039;https:\/\/cbj-construction.myskydoowebsite.com\/wp-content\/uploads\/2019\/01\/IMG-20180509-WA0028.jpg&#039;)\">\n\n\t\t\t\n\t\t\t\t\t<\/div>\n\t\t\t\t\t\t\t\t<\/div>\n\t\t\t\t\t\t\t\t\t\t\t<div class=\"swiper-slide\">\n\t\t\t\t\t\t\t\t\t<div class=\"elementor-carousel-image\" role=\"img\" aria-label=\"CBJ Construction\" style=\"background-image: url(&#039;https:\/\/cbj-construction.myskydoowebsite.com\/wp-content\/uploads\/2019\/01\/IMG-20180509-WA0029.jpg&#039;)\">\n\n\t\t\t\n\t\t\t\t\t<\/div>\n\t\t\t\t\t\t\t\t<\/div>\n\t\t\t\t\t\t\t\t\t\t\t<div class=\"swiper-slide\">\n\t\t\t\t\t\t\t\t\t<div class=\"elementor-carousel-image\" role=\"img\" aria-label=\"CBJ Construction\" style=\"background-image: url(&#039;https:\/\/cbj-construction.myskydoowebsite.com\/wp-content\/uploads\/2019\/01\/IMG-20180509-WA0042.jpg&#039;)\">\n\n\t\t\t\n\t\t\t\t\t<\/div>\n\t\t\t\t\t\t\t\t<\/div>\n\t\t\t\t\t\t\t\t\t\t\t<div class=\"swiper-slide\">\n\t\t\t\t\t\t\t\t\t<div class=\"elementor-carousel-image\" role=\"img\" aria-label=\"CBJ Construction\" style=\"background-image: url(&#039;https:\/\/cbj-construction.myskydoowebsite.com\/wp-content\/uploads\/2019\/01\/IMG-20180518-WA0024.jpg&#039;)\">\n\n\t\t\t\n\t\t\t\t\t<\/div>\n\t\t\t\t\t\t\t\t<\/div>\n\t\t\t\t\t\t\t\t\t\t\t<div class=\"swiper-slide\">\n\t\t\t\t\t\t\t\t\t<div class=\"elementor-carousel-image\" role=\"img\" aria-label=\"CBJ Construction\" style=\"background-image: url(&#039;https:\/\/cbj-construction.myskydoowebsite.com\/wp-content\/uploads\/2019\/01\/IMG-20180518-WA0025.jpg&#039;)\">\n\n\t\t\t\n\t\t\t\t\t<\/div>\n\t\t\t\t\t\t\t\t<\/div>\n\t\t\t\t\t\t\t\t\t\t\t<div class=\"swiper-slide\">\n\t\t\t\t\t\t\t\t\t<div class=\"elementor-carousel-image\" role=\"img\" aria-label=\"CBJ Construction\" style=\"background-image: url(&#039;https:\/\/cbj-construction.myskydoowebsite.com\/wp-content\/uploads\/2019\/01\/IMG-20180822-WA0041.jpg&#039;)\">\n\n\t\t\t\n\t\t\t\t\t<\/div>\n\t\t\t\t\t\t\t\t<\/div>\n\t\t\t\t\t\t\t\t\t<\/div>\n\t\t\t\t\t\t\t\t\t\t\t\t\t\t\t\t\t\t\t\t\t<\/div>\n\t\t<\/div>\n\t\t\t\t\t\t<\/div>\n\t\t\t\t<\/div>\n\t\t\t\t\t<\/div>\n\t\t<\/div>\n\t\t\t\t<div class=\"elementor-column elementor-col-50 elementor-top-column elementor-element elementor-element-7a51457\" data-id=\"7a51457\" data-element_type=\"column\" data-e-type=\"column\">\n\t\t\t<div class=\"elementor-widget-wrap elementor-element-populated\">\n\t\t\t\t\t\t<div class=\"elementor-element elementor-element-7aaeafc elementor-widget-mobile__width-initial elementor-widget elementor-widget-heading\" data-id=\"7aaeafc\" data-element_type=\"widget\" data-e-type=\"widget\" data-widget_type=\"heading.default\">\n\t\t\t\t<div class=\"elementor-widget-container\">\n\t\t\t\t\t<h2 class=\"elementor-heading-title elementor-size-default\">Ma\u00e7onnerie professionnel<\/h2>\t\t\t\t<\/div>\n\t\t\t\t<\/div>\n\t\t\t\t<div class=\"elementor-element elementor-element-066e3c0 elementor-widget elementor-widget-text-editor\" data-id=\"066e3c0\" data-element_type=\"widget\" data-e-type=\"widget\" data-widget_type=\"text-editor.default\">\n\t\t\t\t<div class=\"elementor-widget-container\">\n\t\t\t\t\t\t\t\t\t<p>Chez CBJ Construction, nous sommes dans la petite et la grosse ma\u00e7onnerie, offrant une gamme compl\u00e8te de services allant de la construction \u00e0 la r\u00e9novation. Nous sommes fiers de notre expertise dans la r\u00e9alisation de travaux de ma\u00e7onnerie de haute qualit\u00e9 pour une vari\u00e9t\u00e9 de projets, qu&rsquo;il s&rsquo;agisse de trottoirs, de murs de maisons, de commerces et d&rsquo;immeubles, de murs dans les parkings d&rsquo;immeubles ou encore de rejointement de fa\u00e7ades.<\/p><p>Notre \u00e9quipe de ma\u00e7ons qualifi\u00e9s poss\u00e8de une exp\u00e9rience solide dans le domaine de la construction et se consacre \u00e0 la r\u00e9alisation de travaux solides et durables. Nous travaillons en \u00e9troite collaboration avec nos clients pour comprendre leurs besoins sp\u00e9cifiques et leur offrir des solutions sur mesure qui r\u00e9pondent \u00e0 leurs attentes les plus \u00e9lev\u00e9es.<\/p>\t\t\t\t\t\t\t\t<\/div>\n\t\t\t\t<\/div>\n\t\t\t\t\t<\/div>\n\t\t<\/div>\n\t\t\t\t\t<\/div>\n\t\t<\/section>\n\t\t\t\t<section class=\"elementor-section elementor-top-section elementor-element elementor-element-72d2152 elementor-section-full_width elementor-section-height-default elementor-section-height-default\" data-id=\"72d2152\" data-element_type=\"section\" data-e-type=\"section\">\n\t\t\t\t\t\t<div class=\"elementor-container elementor-column-gap-default\">\n\t\t\t\t\t<div class=\"elementor-column elementor-col-100 elementor-top-column elementor-element elementor-element-9e5bb41\" data-id=\"9e5bb41\" data-element_type=\"column\" data-e-type=\"column\">\n\t\t\t<div class=\"elementor-widget-wrap elementor-element-populated\">\n\t\t\t\t\t\t<div class=\"elementor-element elementor-element-5409077 elementor-widget elementor-widget-image-carousel\" data-id=\"5409077\" data-element_type=\"widget\" data-e-type=\"widget\" data-settings=\"{&quot;navigation&quot;:&quot;none&quot;,&quot;autoplay&quot;:&quot;yes&quot;,&quot;pause_on_hover&quot;:&quot;yes&quot;,&quot;pause_on_interaction&quot;:&quot;yes&quot;,&quot;autoplay_speed&quot;:5000,&quot;infinite&quot;:&quot;yes&quot;,&quot;speed&quot;:500}\" data-widget_type=\"image-carousel.default\">\n\t\t\t\t<div class=\"elementor-widget-container\">\n\t\t\t\t\t\t\t<div class=\"elementor-image-carousel-wrapper swiper\" role=\"region\" aria-roledescription=\"carousel\" aria-label=\"Carrousel d\u2019images\" dir=\"ltr\">\n\t\t\t<div class=\"elementor-image-carousel swiper-wrapper\" aria-live=\"off\">\n\t\t\t\t\t\t\t\t<div class=\"swiper-slide\" role=\"group\" aria-roledescription=\"slide\" aria-label=\"1 sur 3\"><figure class=\"swiper-slide-inner\"><img decoding=\"async\" class=\"swiper-slide-image\" src=\"https:\/\/cbj-construction.myskydoowebsite.com\/wp-content\/uploads\/1-5.png\" alt=\"1\" \/><\/figure><\/div><div class=\"swiper-slide\" role=\"group\" aria-roledescription=\"slide\" aria-label=\"2 sur 3\"><figure class=\"swiper-slide-inner\"><img decoding=\"async\" class=\"swiper-slide-image\" src=\"https:\/\/cbj-construction.myskydoowebsite.com\/wp-content\/uploads\/2-4.png\" alt=\"2\" \/><\/figure><\/div><div class=\"swiper-slide\" role=\"group\" aria-roledescription=\"slide\" aria-label=\"3 sur 3\"><figure class=\"swiper-slide-inner\"><img decoding=\"async\" class=\"swiper-slide-image\" src=\"https:\/\/cbj-construction.myskydoowebsite.com\/wp-content\/uploads\/3-2.png\" alt=\"3\" \/><\/figure><\/div>\t\t\t<\/div>\n\t\t\t\t\t\t\t\n\t\t\t\t\t\t\t\t\t<\/div>\n\t\t\t\t\t\t<\/div>\n\t\t\t\t<\/div>\n\t\t\t\t\t<\/div>\n\t\t<\/div>\n\t\t\t\t\t<\/div>\n\t\t<\/section>\n\t\t\t\t<section class=\"elementor-section elementor-top-section elementor-element elementor-element-d7c45a6 elementor-section-boxed elementor-section-height-default elementor-section-height-default\" data-id=\"d7c45a6\" data-element_type=\"section\" data-e-type=\"section\">\n\t\t\t\t\t\t<div class=\"elementor-container elementor-column-gap-default\">\n\t\t\t\t\t<div class=\"elementor-column elementor-col-100 elementor-top-column elementor-element elementor-element-bf44d3b\" data-id=\"bf44d3b\" data-element_type=\"column\" data-e-type=\"column\">\n\t\t\t<div class=\"elementor-widget-wrap elementor-element-populated\">\n\t\t\t\t\t\t<div class=\"elementor-element elementor-element-35125cb elementor-widget elementor-widget-heading\" data-id=\"35125cb\" data-element_type=\"widget\" data-e-type=\"widget\" data-widget_type=\"heading.default\">\n\t\t\t\t<div class=\"elementor-widget-container\">\n\t\t\t\t\t<h2 class=\"elementor-heading-title elementor-size-default\">Les avantages de notre service de ma\u00e7onnerie<\/h2>\t\t\t\t<\/div>\n\t\t\t\t<\/div>\n\t\t\t\t<div class=\"elementor-element elementor-element-2ca52d4 elementor-widget elementor-widget-text-editor\" data-id=\"2ca52d4\" data-element_type=\"widget\" data-e-type=\"widget\" data-widget_type=\"text-editor.default\">\n\t\t\t\t<div class=\"elementor-widget-container\">\n\t\t\t\t\t\t\t\t\t<ol><li><p><strong>Comp\u00e9tence et exp\u00e9rience<\/strong> : Nos ma\u00e7ons sont des professionnels qualifi\u00e9s qui ma\u00eetrisent les techniques avanc\u00e9es de la ma\u00e7onnerie. Ils sont dot\u00e9s d&rsquo;une expertise approfondie dans la r\u00e9alisation de travaux de construction solides et durables, garantissant la qualit\u00e9 et la long\u00e9vit\u00e9 de vos structures.<\/p><\/li><li><p><strong>Polyvalence dans les projets<\/strong> : Que vous ayez besoin de construire un trottoir, des murs pour votre maison, votre commerce ou votre immeuble, ou encore de r\u00e9aliser des travaux de rejointement de fa\u00e7ades, notre \u00e9quipe est pr\u00eate \u00e0 relever tous les d\u00e9fis. Nous avons l&rsquo;exp\u00e9rience n\u00e9cessaire pour mener \u00e0 bien une vari\u00e9t\u00e9 de projets de ma\u00e7onnerie, du plus simple au plus complexe.<\/p><\/li><li><p><strong>Utilisation de mat\u00e9riaux de qualit\u00e9<\/strong> : Nous s\u00e9lectionnons soigneusement les mat\u00e9riaux de construction pour garantir la solidit\u00e9 et la durabilit\u00e9 de nos r\u00e9alisations. Nous travaillons en partenariat avec des fournisseurs r\u00e9put\u00e9s, ce qui nous permet d&rsquo;acc\u00e9der \u00e0 une large gamme de mat\u00e9riaux de haute qualit\u00e9.<\/p><\/li><li><p><strong>Respect des normes et des d\u00e9lais<\/strong> : Nous nous engageons \u00e0 respecter les normes de construction en vigueur et \u00e0 terminer les travaux dans les d\u00e9lais convenus. Vous pouvez compter sur notre \u00e9quipe pour r\u00e9aliser vos projets de ma\u00e7onnerie de mani\u00e8re efficace et en respectant les \u00e9ch\u00e9ances fix\u00e9es.<\/p><\/li><\/ol>\t\t\t\t\t\t\t\t<\/div>\n\t\t\t\t<\/div>\n\t\t\t\t<div class=\"elementor-element elementor-element-a23f977 elementor-widget elementor-widget-text-editor\" data-id=\"a23f977\" data-element_type=\"widget\" data-e-type=\"widget\" data-widget_type=\"text-editor.default\">\n\t\t\t\t<div class=\"elementor-widget-container\">\n\t\t\t\t\t\t\t\t\t<p><em>Faites confiance \u00e0 notre expertise en mati\u00e8re de ma\u00e7onnerie pour des constructions solides et durables. Contactez-nous d\u00e8s aujourd&rsquo;hui pour discuter de vos besoins en mati\u00e8re de ma\u00e7onnerie et obtenir un devis personnalis\u00e9.<\/em><\/p>\t\t\t\t\t\t\t\t<\/div>\n\t\t\t\t<\/div>\n\t\t\t\t\t<\/div>\n\t\t<\/div>\n\t\t\t\t\t<\/div>\n\t\t<\/section>\n\t\t\t\t<\/div>\n\t\t","protected":false},"excerpt":{"rendered":"<p>Ma\u00e7onnerie Ma\u00e7onnerie professionnel Chez CBJ Construction, nous sommes dans la petite et la grosse ma\u00e7onnerie, offrant une gamme compl\u00e8te de services allant de la construction \u00e0 la r\u00e9novation. Nous sommes fiers de notre expertise dans la r\u00e9alisation de travaux de ma\u00e7onnerie de haute qualit\u00e9 pour une vari\u00e9t\u00e9 de projets, qu&rsquo;il s&rsquo;agisse de trottoirs, de murs [&hellip;]<\/p>\n","protected":false},"author":1,"featured_media":0,"parent":0,"menu_order":0,"comment_status":"closed","ping_status":"closed","template":"elementor_header_footer","meta":{"footnotes":""},"class_list":["post-1114","page","type-page","status-publish","hentry"],"_links":{"self":[{"href":"https:\/\/cbj-construction.myskydoowebsite.com\/index.php?rest_route=\/wp\/v2\/pages\/1114","targetHints":{"allow":["GET"]}}],"collection":[{"href":"https:\/\/cbj-construction.myskydoowebsite.com\/index.php?rest_route=\/wp\/v2\/pages"}],"about":[{"href":"https:\/\/cbj-construction.myskydoowebsite.com\/index.php?rest_route=\/wp\/v2\/types\/page"}],"author":[{"embeddable":true,"href":"https:\/\/cbj-construction.myskydoowebsite.com\/index.php?rest_route=\/wp\/v2\/users\/1"}],"replies":[{"embeddable":true,"href":"https:\/\/cbj-construction.myskydoowebsite.com\/index.php?rest_route=%2Fwp%2Fv2%2Fcomments&post=1114"}],"version-history":[{"count":16,"href":"https:\/\/cbj-construction.myskydoowebsite.com\/index.php?rest_route=\/wp\/v2\/pages\/1114\/revisions"}],"predecessor-version":[{"id":1358,"href":"https:\/\/cbj-construction.myskydoowebsite.com\/index.php?rest_route=\/wp\/v2\/pages\/1114\/revisions\/1358"}],"wp:attachment":[{"href":"https:\/\/cbj-construction.myskydoowebsite.com\/index.php?rest_route=%2Fwp%2Fv2%2Fmedia&parent=1114"}],"curies":[{"name":"wp","href":"https:\/\/api.w.org\/{rel}","templated":true}]}}